{"id":228,"date":"2018-08-10T09:08:17","date_gmt":"2018-08-10T12:08:17","guid":{"rendered":"https:\/\/loja.dominioaopublico.org.br\/?page_id=228"},"modified":"2018-09-06T16:37:47","modified_gmt":"2018-09-06T19:37:47","slug":"instituto-mojo-quem-somos","status":"publish","type":"page","link":"https:\/\/mojo.org.br\/loja\/instituto-mojo-quem-somos\/","title":{"rendered":"<b>Ser\u00e1 que voc\u00ea j\u00e1 tinha ouvido falar de n\u00f3s? <\/b>"},"content":{"rendered":"<p><span style=\"font-weight: 400;\">Pioneiros editoriais e digitais, os fundadores e colaboradores da Mojo criam campanhas e projetos propriet\u00e1rios e corporativos nos ambientes digitais desde 2006, como:<\/span><\/p>\n<p><b>MojoBooks: <\/b><span style=\"font-weight: 400;\">&#8220;Se m\u00fasica fosse literatura, que hist\u00f3ria contaria?&#8221; Seiscentos ebooks e outros dois mil contos in\u00e9ditos de novos autores, publicados entre 2006 e 2011. Um vetor de inspira\u00e7\u00e3o aos novos escritores que publicou muitos dos talentos atuais da Literatura Brasileira;<\/span><\/p>\n<p><b>BoicotaSP: <\/b><span style=\"font-weight: 400;\">&#8220;N\u00e3o eram s\u00f3 vinte centavos&#8221;. Em 2013, conseguimos prever por meio de <\/span><i><span style=\"font-weight: 400;\">big data <\/span><\/i><span style=\"font-weight: 400;\">e <\/span><i><span style=\"font-weight: 400;\">business intelligence <\/span><\/i><span style=\"font-weight: 400;\">a insatisfa\u00e7\u00e3o civil da popula\u00e7\u00e3o brasileira com o decl\u00ednio do poder aquisitivo e da din\u00e2mica da economia. Lan\u00e7amos uma central contra abuso de estabelecimentos comerciais e prote\u00e7\u00e3o ao consumidor. Oitenta mil likes em 48 horas ap\u00f3s o lan\u00e7amento comprovaram que havia uma lacuna a ser preenchida na guerra entre o predatismo comercial e o consumidor.<\/span><\/p>\n<p><span style=\"font-weight: 400;\">Os dois projetos principais \u2014 <\/span><b>MojoBooks,<\/b><span style=\"font-weight: 400;\"> com foco em Cultura Remix e <\/span><b>BoicotaSP, <\/b><span style=\"font-weight: 400;\">sobre <\/span><i><span style=\"font-weight: 400;\">empowerment <\/span><\/i><span style=\"font-weight: 400;\">e democracia digital \u2014, traduzem o processo de materializa\u00e7\u00e3o dos conceitos da Mojo, contemplando Transm\u00eddia, <\/span><i><span style=\"font-weight: 400;\">Storytelling, <\/span><\/i><span style=\"font-weight: 400;\">Serendipidade, <\/span><i><span style=\"font-weight: 400;\">Gamification, <\/span><\/i><span style=\"font-weight: 400;\">Teoria dos Jogos, <\/span><i><span style=\"font-weight: 400;\">Do it Yourself<\/span><\/i><span style=\"font-weight: 400;\"> e Cultura Remix.<\/span><\/p>\n<p><span style=\"font-weight: 400;\">Atualmente, a Mojo se divide entre os trabalhos corporativos e o Instituto Mojo de Comunica\u00e7\u00e3o Intercultural (Mojo.org).<\/span><\/p>\n<h2><\/h2>\n<h2><b>Diretoria Mojo.org<\/b><\/h2>\n<p><b>Presidente: <\/b><span style=\"font-weight: 400;\">Ricardo Giassetti \u2022\u00a0<\/span><b>Vice-presidente: <\/b><span style=\"font-weight: 400;\">Larissa Meneghini \u2022\u00a0<\/span><b>Tesoureiro: <\/b><span style=\"font-weight: 400;\">Alexandre Storari \u2022\u00a0<\/span><b>Diretores: <\/b><span style=\"font-weight: 400;\">Gabriel Naldi, Tatiana Bornato<\/span><\/p>\n<p><strong>Editores:\u00a0<\/strong><span style=\"font-weight: 400;\">Renato Roschel, S. Lobo<\/span><\/p>\n<p><strong>Editora\u00e7\u00e3o ebooks:<\/strong> Fernando Ribeiro<\/p>\n<p><b>Conselho consultivo: <\/b>Alberto Hiar Jr.,\u00a0<span style=\"font-weight: 400;\">Aurea Leszczynski Vieira, Leonardo Tonus, Marcelo Amstalden M\u00f6ller, Marcelo Andrade, Marcelo Gusm\u00e3o Eid, Renato Roschel, S. Lobo<\/span><\/p>\n<p><b>Colaboradores Extraordin\u00e1rios: <\/b><span style=\"font-weight: 400;\">Andr\u00e9 Binhardi, Andre Ducci, Cyla Costa, Daniel Sasso, Michel D&#8217;Angelo, Olivia M. Giassetti, Thiago Foga\u00e7a, Vin\u00edcius Aguiar, Walter Pax, Zenaide Febbo<\/span><\/p>\n<p>[<a href=\"https:\/\/loja.dominioaopublico.org.br\/wp-content\/uploads\/2018\/08\/20180407-ESTATUTO-SOCIAL-MOJO.pdf\" target=\"_blank\" rel=\"noopener\">ESTATUTO<\/a>]<\/p>\n<p>[<a href=\"https:\/\/loja.dominioaopublico.org.br\/wp-content\/uploads\/2018\/08\/20180730-MANIFESTO.pdf\" target=\"_blank\" rel=\"noopener\">MANIFESTO<\/a>]<\/p>\n<p>&nbsp;<\/p>\n<h1><strong>Nossos sonhos e como queremos realiz\u00e1-los<\/strong><\/h1>\n<p><span style=\"font-weight: 400;\">A Mojo.org \u00e9 uma associa\u00e7\u00e3o sem fins lucrativos que trabalha com repert\u00f3rios multidisciplinares filtrados por atenciosa curadoria, criando e transformando conte\u00fados \u2014 cl\u00e1ssicos e contempor\u00e2neos; acad\u00eamicos e populares \u2014 por meio de processos de Cultura Participativa e Comunica\u00e7\u00e3o Intercultural.<\/span><\/p>\n<p><span style=\"font-weight: 400;\">A tecnologia digital veio permitir a comunica\u00e7\u00e3o interpessoal direta e acelerar o tr\u00e1fego da informa\u00e7\u00e3o. Nessa nova fase planet\u00e1ria, a Mojo.org quer viabilizar a constru\u00e7\u00e3o de <\/span><i><span style=\"font-weight: 400;\">wormholes <\/span><\/i><span style=\"font-weight: 400;\">culturais<\/span> <span style=\"font-weight: 400;\">para ampliar a compreens\u00e3o entre pessoas, culturas e ideologias. Queremos que o encantamento pelo saber redescubra o sentimento e a empatia; que as diferen\u00e7as culturais sejam sentidas como aspira\u00e7\u00f5es a um entendimento mais completo do ser humano.<\/span><\/p>\n<p><b>cogni\u00e7\u00e3o + afeto + comportamento<\/b><\/p>\n<p><span style=\"font-weight: 400;\">Entre uma cultura e outra existe uma \u00e1rea de intersec\u00e7\u00e3o \u2014 \u00e0s vezes neutra, \u00a0positiva ou negativa. Para que essa \u00e1rea tenha sua polaridade equalizada \u00e9 preciso que ao menos um dos lados se interesse pela outro. Assim, a Mojo.org cria programas, projetos e ideias para o entendimento entre culturas \u00a0preparando pessoas para assimilar as diferen\u00e7as.<\/span><\/p>\n<p><span style=\"font-weight: 400;\">O primeiro programa da Mojo.org \u00e9 um esfor\u00e7o de tradu\u00e7\u00e3o de obras liter\u00e1rias em Dom\u00ednio P\u00fablico \u2014 os textos, an\u00e1lises, cr\u00edticas, deriva\u00e7\u00f5es, documentos e ensaios sobre elas: <\/span><b>Dom\u00ednio [ao] P\u00fablico.<\/b><\/p>\n<p>&nbsp;<\/p>\n<h1><strong>Fale com e siga a o Leitor Extraordin\u00e1rio<\/strong><\/h1>\n<p><span style=\"font-weight: 400;\">contato@mojo.org.br<\/span><\/p>\n<p><a href=\"https:\/\/www.facebook.com\/leitorextraordinario\/\">Facebook<\/a> e <a href=\"https:\/\/www.instagram.com\/leitorextraordinario\/\">Instagram<\/a><\/p>\n<p>&nbsp;<\/p>\n<h2><strong>Doa\u00e7\u00f5es:<\/strong><\/h2>\n<h3><strong>Instituto Mojo de Comunica\u00e7\u00e3o Cultural<\/strong><\/h3>\n<p><strong>CNPJ:<\/strong> 30.726.775\/0001-00<\/p>\n<p><strong>Caixa Econ\u00f4mica Federal (104)<\/strong><\/p>\n<p><strong>Ag\u00eancia:<\/strong> 2994<\/p>\n<p><strong>Conta corrente:<\/strong> 003001733-2<\/p>\n","protected":false},"excerpt":{"rendered":"<p>Pioneiros editoriais e digitais, os fundadores e colaboradores da Mojo criam campanhas e projetos propriet\u00e1rios e corporativos nos ambientes digitais desde 2006, como: MojoBooks: &#8220;Se [&#8230;]<\/p>\n","protected":false},"author":2,"featured_media":327,"parent":0,"menu_order":0,"comment_status":"closed","ping_status":"closed","template":"template-fullwidth.php","meta":{"footnotes":""},"class_list":["post-228","page","type-page","status-publish","has-post-thumbnail","hentry"],"_links":{"self":[{"href":"https:\/\/mojo.org.br\/loja\/wp-json\/wp\/v2\/pages\/228","targetHints":{"allow":["GET"]}}],"collection":[{"href":"https:\/\/mojo.org.br\/loja\/wp-json\/wp\/v2\/pages"}],"about":[{"href":"https:\/\/mojo.org.br\/loja\/wp-json\/wp\/v2\/types\/page"}],"author":[{"embeddable":true,"href":"https:\/\/mojo.org.br\/loja\/wp-json\/wp\/v2\/users\/2"}],"replies":[{"embeddable":true,"href":"https:\/\/mojo.org.br\/loja\/wp-json\/wp\/v2\/comments?post=228"}],"version-history":[{"count":19,"href":"https:\/\/mojo.org.br\/loja\/wp-json\/wp\/v2\/pages\/228\/revisions"}],"predecessor-version":[{"id":971,"href":"https:\/\/mojo.org.br\/loja\/wp-json\/wp\/v2\/pages\/228\/revisions\/971"}],"wp:featuredmedia":[{"embeddable":true,"href":"https:\/\/mojo.org.br\/loja\/wp-json\/wp\/v2\/media\/327"}],"wp:attachment":[{"href":"https:\/\/mojo.org.br\/loja\/wp-json\/wp\/v2\/media?parent=228"}],"curies":[{"name":"wp","href":"https:\/\/api.w.org\/{rel}","templated":true}]}}