{"id":3,"date":"2018-07-28T13:16:58","date_gmt":"2018-07-28T16:16:58","guid":{"rendered":"https:\/\/loja.dominioaopublico.org.br\/?page_id=3"},"modified":"2018-07-29T11:22:18","modified_gmt":"2018-07-29T14:22:18","slug":"politica-de-privacidade","status":"publish","type":"page","link":"https:\/\/mojo.org.br\/loja\/politica-de-privacidade\/","title":{"rendered":"Pol\u00edtica de privacidade e seguran\u00e7a"},"content":{"rendered":"<h2><strong>POL\u00cdTICA DE PRIVACIDADE E SEGURAN\u00c7A<\/strong><\/h2>\n<p>O Instituto Mojo (Mojo.org) preza por sua seguran\u00e7a e privacidade. A prote\u00e7\u00e3o e a manipula\u00e7\u00e3o dos dados pessoais de nossos associados, doadores e contribuintes \u00e9 tratada com extremo zelo e sigilo.<\/p>\n<p>Todo o processo, desde a associa\u00e7\u00e3o ou doa\u00e7\u00e3o, e em todas as utiliza\u00e7\u00f5es dos dados pessoais e empresariais nos processos de gest\u00e3o, segue as normas de prote\u00e7\u00e3o de informa\u00e7\u00f5es da Lei n\u00ba 12.965\/14 (Marco Civil da Internet).<\/p>\n<p>Informa\u00e7\u00f5es pessoais atualizadas s\u00e3o necess\u00e1rias para a realiza\u00e7\u00e3o das transa\u00e7\u00f5es entre a Mojo.org e seus contribuintes. Por isso, o associado deve manter atualizados os seguintes dados em nossa base: NOME COMPLETO, CPF, DATA DE NASCIMENTO, ENDERE\u00c7O DE ENVIO, EMAIL, TELEFONE e CART\u00c3O DE CR\u00c9DITO V\u00c1LIDO.<\/p>\n<p>As informa\u00e7\u00f5es se prestam exclusivamente a atender \u00e0s cl\u00e1usulas constantes no Contrato de Associa\u00e7\u00e3o (Termos de Servi\u00e7o) sempre atualizados no site www.loja.dominioaopublico.org.br, para que o Instituto possa prover a todos os associados os servi\u00e7os e contrapartidas combinadas.<\/p>\n<p>Nenhuma das informa\u00e7\u00f5es pessoais fornecidas pelo associado podem ser divulgadas ou negociadas com terceiros.<\/p>\n<p>Os dados pessoais e de doa\u00e7\u00f5es dos associados ou sua senha nunca s\u00e3o armazenados nos sistemas de gerenciamento, seguindo os padr\u00f5es de encripta\u00e7\u00e3o internacionais. As informa\u00e7\u00f5es armazenadas t\u00eam como fim exclusivo a identifica\u00e7\u00e3o do contribuinte.<\/p>\n<p>A seguran\u00e7a dos dados e opera\u00e7\u00f5es financeiras seguem o disposto no inciso VII do art. 4\u00ba do Decreto n\u00ba 7.962\/13. Todo o processo de cadastramento, associa\u00e7\u00e3o e movimenta\u00e7\u00f5es financeiras \u00e9 garantido por empresas mundialmente reconhecidas.<\/p>\n<p>Os ambientes de negocia\u00e7\u00e3o da Mojo.org est\u00e3o protegidos contra hackers, roubo de informa\u00e7\u00f5es, clonagem de cart\u00e3o de cr\u00e9dito e outros. A certifica\u00e7\u00e3o de seguran\u00e7a pode ser identificada nos ambientes de doa\u00e7\u00e3o.<\/p>\n<p>As empresas parceiras e prestadores de servi\u00e7os da Mojo.org, tais como os provedores de servi\u00e7os de movimenta\u00e7\u00f5es ou log\u00edstica, t\u00eam estabelecidos em contrato a responsabilidade de proteger os dados pessoais dos contribuintes. O uso indevido dessas informa\u00e7\u00f5es deve ser comunicado e ser\u00e1 tratado em vias judiciais com as empresas faltosas.<\/p>\n<p>Os comunicados enviados aos contribuintes e associados se prestam a comunica\u00e7\u00e3o necess\u00e1ria sobre suas doa\u00e7\u00f5es ou planos de associa\u00e7\u00e3o ou, em caso de op\u00e7\u00e3o do associado, para envio de newsletters e outros comunicados da Mojo.org ou parceiros. O status de op\u00e7\u00f5es de comunica\u00e7\u00e3o dos associados pode ser alterado em seu perfil pessoal.<\/p>\n<p>Toda altera\u00e7\u00e3o contratual dos termos de uso ser\u00e1 comunicada previamente por meio de envio de email aos contribuintes.<\/p>\n<p>&nbsp;<\/p>\n<h2>Quais dados pessoais coletamos e porque<\/h2>\n<h3>Coment\u00e1rios<\/h3>\n<p>Quando os visitantes deixam coment\u00e1rios no site, coletamos os dados mostrados no formul\u00e1rio de coment\u00e1rios, al\u00e9m do endere\u00e7o de IP e de dados do navegador do visitante, para auxiliar na detec\u00e7\u00e3o de spam.<\/p>\n<p>Uma sequ\u00eancia anonimizada de caracteres criada a partir do seu e-mail (tamb\u00e9m chamada de hash) poder\u00e1 ser enviada para o Gravatar para verificar se voc\u00ea usa o servi\u00e7o. A pol\u00edtica de privacidade do Gravatar est\u00e1 dispon\u00edvel aqui: https:\/\/automattic.com\/privacy\/. Depois da aprova\u00e7\u00e3o do seu coment\u00e1rio, a foto do seu perfil fica vis\u00edvel publicamente junto de seu coment\u00e1rio.<\/p>\n<h3>Cookies<\/h3>\n<p>Ao deixar um coment\u00e1rio no site, voc\u00ea poder\u00e1 optar por salvar seu nome, e-mail e site nos cookies. Isso visa seu conforto, assim voc\u00ea n\u00e3o precisar\u00e1 preencher seus dados novamente quando fizer outro coment\u00e1rio. Estes cookies duram um ano.<\/p>\n<p>Se voc\u00ea tem uma conta e acessa este site, um cookie tempor\u00e1rio ser\u00e1 criado para determinar se seu navegador aceita cookies. Ele n\u00e3o cont\u00e9m nenhum dado pessoal e ser\u00e1 descartado quando voc\u00ea fechar seu navegador.<\/p>\n<p>Quando voc\u00ea acessa sua conta no site, tamb\u00e9m criamos v\u00e1rios cookies para salvar os dados da sua conta e suas escolhas de exibi\u00e7\u00e3o de tela. Cookies de login s\u00e3o mantidos por dois dias e cookies de op\u00e7\u00f5es de tela por um ano. Se voc\u00ea selecionar &#8220;Lembrar-me&#8221;, seu acesso ser\u00e1 mantido por duas semanas. Se voc\u00ea se desconectar da sua conta, os cookies de login ser\u00e3o removidos.<\/p>\n<p>Se voc\u00ea editar ou publicar um artigo, um cookie adicional ser\u00e1 salvo no seu navegador. Este cookie n\u00e3o inclui nenhum dado pessoal e simplesmente indica o ID do post referente ao artigo que voc\u00ea acabou de editar. Ele expira depois de 1 dia.<\/p>\n<h3>M\u00eddia incorporada de outros sites<\/h3>\n<p>Artigos neste site podem incluir conte\u00fado incorporado como, por exemplo, v\u00eddeos, imagens, artigos, etc. Conte\u00fados incorporados de outros sites se comportam exatamente da mesma forma como se o visitante estivesse visitando o outro site.<\/p>\n<p>Estes sites podem coletar dados sobre voc\u00ea, usar cookies, incorporar rastreamento adicional de terceiros e monitorar sua intera\u00e7\u00e3o com este conte\u00fado incorporado, incluindo sua intera\u00e7\u00e3o com o conte\u00fado incorporado se voc\u00ea tem uma conta e est\u00e1 conectado com o site.<\/p>\n","protected":false},"excerpt":{"rendered":"<p>POL\u00cdTICA DE PRIVACIDADE E SEGURAN\u00c7A O Instituto Mojo (Mojo.org) preza por sua seguran\u00e7a e privacidade. A prote\u00e7\u00e3o e a manipula\u00e7\u00e3o dos dados pessoais de nossos [&#8230;]<\/p>\n","protected":false},"author":1,"featured_media":0,"parent":0,"menu_order":0,"comment_status":"closed","ping_status":"open","template":"template-fullwidth.php","meta":{"footnotes":""},"class_list":["post-3","page","type-page","status-publish","hentry"],"_links":{"self":[{"href":"https:\/\/mojo.org.br\/loja\/wp-json\/wp\/v2\/pages\/3","targetHints":{"allow":["GET"]}}],"collection":[{"href":"https:\/\/mojo.org.br\/loja\/wp-json\/wp\/v2\/pages"}],"about":[{"href":"https:\/\/mojo.org.br\/loja\/wp-json\/wp\/v2\/types\/page"}],"author":[{"embeddable":true,"href":"https:\/\/mojo.org.br\/loja\/wp-json\/wp\/v2\/users\/1"}],"replies":[{"embeddable":true,"href":"https:\/\/mojo.org.br\/loja\/wp-json\/wp\/v2\/comments?post=3"}],"version-history":[{"count":3,"href":"https:\/\/mojo.org.br\/loja\/wp-json\/wp\/v2\/pages\/3\/revisions"}],"predecessor-version":[{"id":135,"href":"https:\/\/mojo.org.br\/loja\/wp-json\/wp\/v2\/pages\/3\/revisions\/135"}],"wp:attachment":[{"href":"https:\/\/mojo.org.br\/loja\/wp-json\/wp\/v2\/media?parent=3"}],"curies":[{"name":"wp","href":"https:\/\/api.w.org\/{rel}","templated":true}]}}