{"id":10293,"date":"2024-12-04T13:26:34","date_gmt":"2024-12-04T16:26:34","guid":{"rendered":"https:\/\/mojo.org.br\/loja\/?post_type=product&#038;p=10293"},"modified":"2026-03-20T08:22:45","modified_gmt":"2026-03-20T11:22:45","slug":"bora-produzir","status":"publish","type":"product","link":"https:\/\/mojo.org.br\/loja\/produtos\/bora-produzir\/","title":{"rendered":"Bora Produzir!"},"content":{"rendered":"<h2>Como come\u00e7ar uma cena de stand-up do zero<\/h2>\n<p>Chega de perder tempo tentando decifrar sozinho o segredo do sucesso na produ\u00e7\u00e3o de com\u00e9dia stand up! O livro &#8220;Bora Produzir&#8221; foi criado a partir da experi\u00eancia do Guilherme \u00e0 frente da Casa de Artistas, e das principais dificuldades elencadas pelos alunos de seus workshops e cursos ministrados em todo o Brasil, presencial e virtualmente.<\/p>\n<p>Lan\u00e7ado em mar\u00e7o de 2023, este livro visa o fomento do mercado de stand-up comedy, e a equipe respons\u00e1vel \u00e9 de dar inveja: Guilherme Ara\u00fajo, Camila Canedo, Lally Zwetzch, Fernanda Pereira, Geraldo Bezerra, Abner Henrique, Mauro Monezi, Tatiana Lobo, Gabriela Cardoso e todo mundo da Casa de Artistas e da TL Ag\u00eancia.<\/p>\n<p>O resultado \u00e9 este guia que vai te mostrar o caminho das pedras para evitar os erros mais comuns e se destacar no segmento.<\/p>\n<p>Adquira e d\u00ea o primeiro passo para se tornar o cara ou a mina da produ\u00e7\u00e3o de com\u00e9dia stand-up da sua cidade!<\/p>\n<p>O livro \u00e9 em formato brochura, 128 p\u00e1ginas, capa em cart\u00e3o 250g, 14 x 21 cm com orelhas, papel p\u00f3len 80g.<\/p>\n","protected":false},"excerpt":{"rendered":"<p>Chega de perder tempo tentando decifrar sozinho o segredo do sucesso na produ\u00e7\u00e3o de com\u00e9dia stand up! O livro &#8220;Bora Produzir&#8221; foi criado a partir da experi\u00eancia do Guilherme \u00e0 frente da Casa de Artistas, e das principais dificuldades elencadas pelos alunos de seus workshops e cursos ministrados em todo o Brasil, presencial e virtualmente.<\/p>\n","protected":false},"featured_media":10294,"comment_status":"open","ping_status":"closed","template":"","meta":[],"pwb-brand":[],"product_brand":[],"product_cat":[15,165,160,164,162],"product_tag":[],"class_list":{"0":"post-10293","1":"product","2":"type-product","3":"status-publish","4":"has-post-thumbnail","6":"product_cat-livros","7":"product_cat-mojohumor","8":"product_cat-autores","9":"product_cat-banca-do-minhoca","10":"product_cat-impresso","11":"product_shipping_class-impressos","13":"first","14":"outofstock","15":"purchasable","16":"product-type-simple"},"brands":[],"_links":{"self":[{"href":"https:\/\/mojo.org.br\/loja\/wp-json\/wp\/v2\/product\/10293","targetHints":{"allow":["GET"]}}],"collection":[{"href":"https:\/\/mojo.org.br\/loja\/wp-json\/wp\/v2\/product"}],"about":[{"href":"https:\/\/mojo.org.br\/loja\/wp-json\/wp\/v2\/types\/product"}],"replies":[{"embeddable":true,"href":"https:\/\/mojo.org.br\/loja\/wp-json\/wp\/v2\/comments?post=10293"}],"wp:featuredmedia":[{"embeddable":true,"href":"https:\/\/mojo.org.br\/loja\/wp-json\/wp\/v2\/media\/10294"}],"wp:attachment":[{"href":"https:\/\/mojo.org.br\/loja\/wp-json\/wp\/v2\/media?parent=10293"}],"wp:term":[{"taxonomy":"pwb-brand","embeddable":true,"href":"https:\/\/mojo.org.br\/loja\/wp-json\/wp\/v2\/pwb-brand?post=10293"},{"taxonomy":"product_brand","embeddable":true,"href":"https:\/\/mojo.org.br\/loja\/wp-json\/wp\/v2\/product_brand?post=10293"},{"taxonomy":"product_cat","embeddable":true,"href":"https:\/\/mojo.org.br\/loja\/wp-json\/wp\/v2\/product_cat?post=10293"},{"taxonomy":"product_tag","embeddable":true,"href":"https:\/\/mojo.org.br\/loja\/wp-json\/wp\/v2\/product_tag?post=10293"}],"curies":[{"name":"wp","href":"https:\/\/api.w.org\/{rel}","templated":true}]}}