{"id":12783,"date":"2025-04-23T03:48:06","date_gmt":"2025-04-23T06:48:06","guid":{"rendered":"https:\/\/mojo.org.br\/loja\/?post_type=product&#038;p=12783"},"modified":"2026-03-01T12:47:00","modified_gmt":"2026-03-01T15:47:00","slug":"a-menor-graca","status":"publish","type":"product","link":"https:\/\/mojo.org.br\/loja\/produtos\/a-menor-graca\/","title":{"rendered":"A menor gra\u00e7a"},"content":{"rendered":"<p>Livro em formato de moleskine, como aqueles que os comediantes de stand-up usam para anotar suas ideias e levar para o palco para &#8220;colar&#8221; as piadas na peleja do show, na frente da audi\u00eancia. Piadas curtas, one-liners, linheiras, piadinhas pequenas. Chame como quiser, essa \u00e9 a especialidade de Patrick Maia: aquela piada que come\u00e7a com uma mai\u00fascula e termina com um ponto final. Ao longo de seus 20 anos de carreira, Patrick colecionou, anotou e inventou milhares dessas, das observa\u00e7\u00f5es cotidianas mais profundas \u00e0s brisas mais calmas. Cadernos, guardanapos de papel, post-its e at\u00e9 tatuagens foram sendo colecionadas e se amontoaram em pilhas e mais pilhas. Um grupo especial de amigos comediantes foi chamado para selecionar as melhores em um dia de calor e pouca roupa. Entre eles estavam: Daniel Sart\u00f3rio, Gabriel Lacerda, Lulys, Leo Bartolomeu, Daniel Duncan e Thiago Foga\u00e7a. Foi nisso que deu: Agora voc\u00ea pode carregar o Patrick Maia no seu bolso.<\/p>\n","protected":false},"excerpt":{"rendered":"<p>Agora voc\u00ea pode carregar o Patrick Maia no seu bolso. Livro em formato de moleskine, como aqueles que os comediantes de stand-up usam para anotar suas ideias e levar para o palco para &#8220;colar&#8221; as piadas na peleja do show, na frente da audi\u00eancia. Piadas curtas, one-liners, linheiras, piadinhas pequenas.<\/p>\n","protected":false},"featured_media":13498,"comment_status":"open","ping_status":"closed","template":"","meta":[],"pwb-brand":[],"product_brand":[],"product_cat":[15,165,160,164,162,193],"product_tag":[],"class_list":{"0":"post-12783","1":"product","2":"type-product","3":"status-publish","4":"has-post-thumbnail","6":"product_cat-livros","7":"product_cat-mojohumor","8":"product_cat-autores","9":"product_cat-banca-do-minhoca","10":"product_cat-impresso","11":"product_cat-patrick-maia","12":"product_shipping_class-impressos","14":"first","15":"instock","16":"featured","17":"taxable","18":"shipping-taxable","19":"purchasable","20":"product-type-simple"},"brands":[],"_links":{"self":[{"href":"https:\/\/mojo.org.br\/loja\/wp-json\/wp\/v2\/product\/12783","targetHints":{"allow":["GET"]}}],"collection":[{"href":"https:\/\/mojo.org.br\/loja\/wp-json\/wp\/v2\/product"}],"about":[{"href":"https:\/\/mojo.org.br\/loja\/wp-json\/wp\/v2\/types\/product"}],"replies":[{"embeddable":true,"href":"https:\/\/mojo.org.br\/loja\/wp-json\/wp\/v2\/comments?post=12783"}],"wp:featuredmedia":[{"embeddable":true,"href":"https:\/\/mojo.org.br\/loja\/wp-json\/wp\/v2\/media\/13498"}],"wp:attachment":[{"href":"https:\/\/mojo.org.br\/loja\/wp-json\/wp\/v2\/media?parent=12783"}],"wp:term":[{"taxonomy":"pwb-brand","embeddable":true,"href":"https:\/\/mojo.org.br\/loja\/wp-json\/wp\/v2\/pwb-brand?post=12783"},{"taxonomy":"product_brand","embeddable":true,"href":"https:\/\/mojo.org.br\/loja\/wp-json\/wp\/v2\/product_brand?post=12783"},{"taxonomy":"product_cat","embeddable":true,"href":"https:\/\/mojo.org.br\/loja\/wp-json\/wp\/v2\/product_cat?post=12783"},{"taxonomy":"product_tag","embeddable":true,"href":"https:\/\/mojo.org.br\/loja\/wp-json\/wp\/v2\/product_tag?post=12783"}],"curies":[{"name":"wp","href":"https:\/\/api.w.org\/{rel}","templated":true}]}}