{"id":12786,"date":"2025-04-23T04:02:43","date_gmt":"2025-04-23T07:02:43","guid":{"rendered":"https:\/\/mojo.org.br\/loja\/?post_type=product&#038;p=12786"},"modified":"2026-03-01T12:47:00","modified_gmt":"2026-03-01T15:47:00","slug":"demerval-o-pirata-do-pau-de-pau","status":"publish","type":"product","link":"https:\/\/mojo.org.br\/loja\/produtos\/demerval-o-pirata-do-pau-de-pau\/","title":{"rendered":"Demerval &#8211; O Pirata do Pau de Pau"},"content":{"rendered":"<p><span data-sheets-root=\"1\">Chegou, diretamente da perturbada mente de Patrick Maia: Demerval \u2013 O Pirata do Pau de Pau! Demerval era o mais respeitado entre os piratas, at\u00e9 ter o seu pau devorado pelo tem\u00edvel tubar\u00e3o Mordy Dick. Agora ele vasculha os sete mares com uma tripula\u00e7\u00e3o de incompetentes em busca de vingan\u00e7a!<\/span><\/p>\n","protected":false},"excerpt":{"rendered":"<p><span data-sheets-root=\"1\">Aventura c\u00f4mica e nonsense onde Demerval enfrenta tubar\u00f5es e trai\u00e7\u00f5es em busca de vingan\u00e7a pelos sete mares.<\/span><\/p>\n","protected":false},"featured_media":13500,"comment_status":"open","ping_status":"closed","template":"","meta":[],"pwb-brand":[],"product_brand":[],"product_cat":[165,164,162,193],"product_tag":[145,30,31,123,177,52,53,54],"class_list":{"0":"post-12786","1":"product","2":"type-product","3":"status-publish","4":"has-post-thumbnail","6":"product_cat-mojohumor","7":"product_cat-banca-do-minhoca","8":"product_cat-impresso","9":"product_cat-patrick-maia","10":"product_tag-bancadominhoca","11":"product_tag-fantasia","12":"product_tag-historia","13":"product_tag-ladroagem","14":"product_tag-patrick-maia","15":"product_tag-pirata","16":"product_tag-pirataria","17":"product_tag-tesouro","18":"product_shipping_class-impressos","20":"first","21":"instock","22":"taxable","23":"shipping-taxable","24":"purchasable","25":"product-type-simple"},"brands":[],"_links":{"self":[{"href":"https:\/\/mojo.org.br\/loja\/wp-json\/wp\/v2\/product\/12786","targetHints":{"allow":["GET"]}}],"collection":[{"href":"https:\/\/mojo.org.br\/loja\/wp-json\/wp\/v2\/product"}],"about":[{"href":"https:\/\/mojo.org.br\/loja\/wp-json\/wp\/v2\/types\/product"}],"replies":[{"embeddable":true,"href":"https:\/\/mojo.org.br\/loja\/wp-json\/wp\/v2\/comments?post=12786"}],"wp:featuredmedia":[{"embeddable":true,"href":"https:\/\/mojo.org.br\/loja\/wp-json\/wp\/v2\/media\/13500"}],"wp:attachment":[{"href":"https:\/\/mojo.org.br\/loja\/wp-json\/wp\/v2\/media?parent=12786"}],"wp:term":[{"taxonomy":"pwb-brand","embeddable":true,"href":"https:\/\/mojo.org.br\/loja\/wp-json\/wp\/v2\/pwb-brand?post=12786"},{"taxonomy":"product_brand","embeddable":true,"href":"https:\/\/mojo.org.br\/loja\/wp-json\/wp\/v2\/product_brand?post=12786"},{"taxonomy":"product_cat","embeddable":true,"href":"https:\/\/mojo.org.br\/loja\/wp-json\/wp\/v2\/product_cat?post=12786"},{"taxonomy":"product_tag","embeddable":true,"href":"https:\/\/mojo.org.br\/loja\/wp-json\/wp\/v2\/product_tag?post=12786"}],"curies":[{"name":"wp","href":"https:\/\/api.w.org\/{rel}","templated":true}]}}