{"id":13822,"date":"2025-10-03T09:50:33","date_gmt":"2025-10-03T12:50:33","guid":{"rendered":"https:\/\/mojo.org.br\/loja\/?post_type=product&#038;p=13822"},"modified":"2026-03-01T12:47:00","modified_gmt":"2026-03-01T15:47:00","slug":"51-dicas-de-defesa-pessoal-metodo-capivara-fight","status":"publish","type":"product","link":"https:\/\/mojo.org.br\/loja\/produtos\/51-dicas-de-defesa-pessoal-metodo-capivara-fight\/","title":{"rendered":"51 Dicas de defesa pessoal \u2013 M\u00e9todo Capivara Fight"},"content":{"rendered":"<p>Voc\u00ea vai almo\u00e7ar na sua empresa e percebe que roubaram a mistura da sua marmita. Ou ent\u00e3o quando voc\u00ea est\u00e1 em um momento \u00edntimo, fazendo \u2018sali\u00eancia\u2019 com a pessoa amada, e o marido\/esposa dela chega mais cedo do trabalho, bem na hora do \u2018vuco-vuco\u2019, e te pega de cal\u00e7as curtas \u2013 ou at\u00e9 mesmo sem cal\u00e7as. No caso da marmita, onde voc\u00ea falhou? Em n\u00e3o manter o ouvido atento e o olhar agu\u00e7ado. No caso do \u2018caso\u2019, onde voc\u00ea errou? Em n\u00e3o avaliar o perigo e n\u00e3o tra\u00e7ar um plano de fuga. Um ninja bem treinado nunca passaria por essas situa\u00e7\u00f5es, porque est\u00e1 sempre atento e preparado. Por esse motivo os ninjas nunca perdem suas marmitas e s\u00e3o considerados os maiores amantes do mundo. Isso \u00e9 Defesa Pessoal.\u201d Sensei Oss<\/p>\n","protected":false},"excerpt":{"rendered":"<p>Este livro tem o formato de Manual de A \u00e0 Z com as principais amea\u00e7as que temos na nossa sociedade contempor\u00e2nea. Como toda obra de arte, a defesa pessoal precisa de constante atualiza\u00e7\u00e3o, como um antiv\u00edrus, para acompanhar os perigos que sempre evoluem.<\/p>\n","protected":false},"featured_media":14236,"comment_status":"open","ping_status":"closed","template":"","meta":[],"pwb-brand":[],"product_brand":[],"product_cat":[165,162],"product_tag":[],"class_list":{"0":"post-13822","1":"product","2":"type-product","3":"status-publish","4":"has-post-thumbnail","6":"product_cat-mojohumor","7":"product_cat-impresso","8":"product_shipping_class-impressos","10":"first","11":"instock","12":"purchasable","13":"product-type-simple"},"brands":[],"_links":{"self":[{"href":"https:\/\/mojo.org.br\/loja\/wp-json\/wp\/v2\/product\/13822","targetHints":{"allow":["GET"]}}],"collection":[{"href":"https:\/\/mojo.org.br\/loja\/wp-json\/wp\/v2\/product"}],"about":[{"href":"https:\/\/mojo.org.br\/loja\/wp-json\/wp\/v2\/types\/product"}],"replies":[{"embeddable":true,"href":"https:\/\/mojo.org.br\/loja\/wp-json\/wp\/v2\/comments?post=13822"}],"wp:featuredmedia":[{"embeddable":true,"href":"https:\/\/mojo.org.br\/loja\/wp-json\/wp\/v2\/media\/14236"}],"wp:attachment":[{"href":"https:\/\/mojo.org.br\/loja\/wp-json\/wp\/v2\/media?parent=13822"}],"wp:term":[{"taxonomy":"pwb-brand","embeddable":true,"href":"https:\/\/mojo.org.br\/loja\/wp-json\/wp\/v2\/pwb-brand?post=13822"},{"taxonomy":"product_brand","embeddable":true,"href":"https:\/\/mojo.org.br\/loja\/wp-json\/wp\/v2\/product_brand?post=13822"},{"taxonomy":"product_cat","embeddable":true,"href":"https:\/\/mojo.org.br\/loja\/wp-json\/wp\/v2\/product_cat?post=13822"},{"taxonomy":"product_tag","embeddable":true,"href":"https:\/\/mojo.org.br\/loja\/wp-json\/wp\/v2\/product_tag?post=13822"}],"curies":[{"name":"wp","href":"https:\/\/api.w.org\/{rel}","templated":true}]}}