{"id":13967,"date":"2025-11-10T15:50:30","date_gmt":"2025-11-10T18:50:30","guid":{"rendered":"https:\/\/mojo.org.br\/loja\/?post_type=product&#038;p=13967"},"modified":"2026-03-01T12:47:00","modified_gmt":"2026-03-01T15:47:00","slug":"demerval-o-pirata-do-pau-de-pau-edicao-tesouro","status":"publish","type":"product","link":"https:\/\/mojo.org.br\/loja\/produtos\/demerval-o-pirata-do-pau-de-pau-edicao-tesouro\/","title":{"rendered":"Demerval &#8211; O Pirata do Pau de Pau &#8211; EDI\u00c7\u00c3O TESOURO"},"content":{"rendered":"<p><span data-sheets-root=\"1\">Chegou, diretamente da perturbada mente de Patrick Maia: Demerval \u2013 O Pirata do Pau de Pau! Demerval era o mais respeitado entre os piratas, at\u00e9 ter o seu pau devorado pelo tem\u00edvel tubar\u00e3o Mordy Dick. Agora ele vasculha os sete mares com uma tripula\u00e7\u00e3o de incompetentes em busca de vingan\u00e7a!<\/span><\/p>\n<p>Se voc\u00ea j\u00e1 tem a vers\u00e3o capa dura, d\u00ea de presente a um amigo e fique com esta: case exclusivo, graphic novel, making of, bookplate e audiobook.<\/p>\n","protected":false},"excerpt":{"rendered":"<p><span data-sheets-root=\"1\">Aventura c\u00f4mica e nonsense onde Demerval enfrenta tubar\u00f5es e trai\u00e7\u00f5es em busca de vingan\u00e7a pelos sete mares.<\/span><\/p>\n","protected":false},"featured_media":14110,"comment_status":"open","ping_status":"closed","template":"","meta":[],"pwb-brand":[],"product_brand":[],"product_cat":[15,165,162,193],"product_tag":[],"class_list":{"0":"post-13967","1":"product","2":"type-product","3":"status-publish","4":"has-post-thumbnail","6":"product_cat-livros","7":"product_cat-mojohumor","8":"product_cat-impresso","9":"product_cat-patrick-maia","11":"first","12":"instock","13":"purchasable","14":"product-type-simple"},"brands":[],"_links":{"self":[{"href":"https:\/\/mojo.org.br\/loja\/wp-json\/wp\/v2\/product\/13967","targetHints":{"allow":["GET"]}}],"collection":[{"href":"https:\/\/mojo.org.br\/loja\/wp-json\/wp\/v2\/product"}],"about":[{"href":"https:\/\/mojo.org.br\/loja\/wp-json\/wp\/v2\/types\/product"}],"replies":[{"embeddable":true,"href":"https:\/\/mojo.org.br\/loja\/wp-json\/wp\/v2\/comments?post=13967"}],"wp:featuredmedia":[{"embeddable":true,"href":"https:\/\/mojo.org.br\/loja\/wp-json\/wp\/v2\/media\/14110"}],"wp:attachment":[{"href":"https:\/\/mojo.org.br\/loja\/wp-json\/wp\/v2\/media?parent=13967"}],"wp:term":[{"taxonomy":"pwb-brand","embeddable":true,"href":"https:\/\/mojo.org.br\/loja\/wp-json\/wp\/v2\/pwb-brand?post=13967"},{"taxonomy":"product_brand","embeddable":true,"href":"https:\/\/mojo.org.br\/loja\/wp-json\/wp\/v2\/product_brand?post=13967"},{"taxonomy":"product_cat","embeddable":true,"href":"https:\/\/mojo.org.br\/loja\/wp-json\/wp\/v2\/product_cat?post=13967"},{"taxonomy":"product_tag","embeddable":true,"href":"https:\/\/mojo.org.br\/loja\/wp-json\/wp\/v2\/product_tag?post=13967"}],"curies":[{"name":"wp","href":"https:\/\/api.w.org\/{rel}","templated":true}]}}