{"id":14102,"date":"2025-12-01T12:01:15","date_gmt":"2025-12-01T15:01:15","guid":{"rendered":"https:\/\/mojo.org.br\/loja\/?post_type=product&#038;p=14102"},"modified":"2026-03-25T18:11:25","modified_gmt":"2026-03-25T21:11:25","slug":"entendeu-ou-quer-que-eu-desenhe-2-em-1","status":"publish","type":"product","link":"https:\/\/mojo.org.br\/loja\/produtos\/entendeu-ou-quer-que-eu-desenhe-2-em-1\/","title":{"rendered":"Entendeu ou quer que eu desenhe? 2 em 1"},"content":{"rendered":"<p><span style=\"font-weight: 400;\">O comediante Patrick Maia deixou algumas ideias sa\u00edrem por uma caneta em vez de um microfone, como de costume. O resultado \u00e9 o livro <em>Entendeu ou quer que eu desenhe? 2 em 1<\/em>\u00a0\u2014 uma cole\u00e7\u00e3o de mais de ilustra\u00e7\u00f5es que vai fazer voc\u00ea rir moderadamente.<\/span><\/p>\n","protected":false},"excerpt":{"rendered":"<p><span style=\"font-weight: 400;\">O comediante Patrick Maia deixou algumas ideias sa\u00edrem por uma caneta em vez de um microfone, como de costume. O resultado \u00e9 o livro \u201cEntendeu ou quer que eu desenhe? 2 em 1\u201d \u2014 uma cole\u00e7\u00e3o de mais de ilustra\u00e7\u00f5es que vai fazer voc\u00ea rir moderadamente.<\/span><\/p>\n<p><span style=\"font-weight: 400;\">Feito em papel. Cont\u00e9m capa, contracapa e v\u00e1rias p\u00e1ginas. <\/span><\/p>\n","protected":false},"featured_media":14114,"comment_status":"open","ping_status":"closed","template":"","meta":[],"pwb-brand":[],"product_brand":[],"product_cat":[15,165,160,164,162,193],"product_tag":[192,190,191],"class_list":{"0":"post-14102","1":"product","2":"type-product","3":"status-publish","4":"has-post-thumbnail","6":"product_cat-livros","7":"product_cat-mojohumor","8":"product_cat-autores","9":"product_cat-banca-do-minhoca","10":"product_cat-impresso","11":"product_cat-patrick-maia","12":"product_tag-comedia","13":"product_tag-humor","14":"product_tag-patrick","15":"product_shipping_class-impressos","17":"first","18":"instock","19":"sale","20":"purchasable","21":"product-type-simple"},"brands":[],"_links":{"self":[{"href":"https:\/\/mojo.org.br\/loja\/wp-json\/wp\/v2\/product\/14102","targetHints":{"allow":["GET"]}}],"collection":[{"href":"https:\/\/mojo.org.br\/loja\/wp-json\/wp\/v2\/product"}],"about":[{"href":"https:\/\/mojo.org.br\/loja\/wp-json\/wp\/v2\/types\/product"}],"replies":[{"embeddable":true,"href":"https:\/\/mojo.org.br\/loja\/wp-json\/wp\/v2\/comments?post=14102"}],"wp:featuredmedia":[{"embeddable":true,"href":"https:\/\/mojo.org.br\/loja\/wp-json\/wp\/v2\/media\/14114"}],"wp:attachment":[{"href":"https:\/\/mojo.org.br\/loja\/wp-json\/wp\/v2\/media?parent=14102"}],"wp:term":[{"taxonomy":"pwb-brand","embeddable":true,"href":"https:\/\/mojo.org.br\/loja\/wp-json\/wp\/v2\/pwb-brand?post=14102"},{"taxonomy":"product_brand","embeddable":true,"href":"https:\/\/mojo.org.br\/loja\/wp-json\/wp\/v2\/product_brand?post=14102"},{"taxonomy":"product_cat","embeddable":true,"href":"https:\/\/mojo.org.br\/loja\/wp-json\/wp\/v2\/product_cat?post=14102"},{"taxonomy":"product_tag","embeddable":true,"href":"https:\/\/mojo.org.br\/loja\/wp-json\/wp\/v2\/product_tag?post=14102"}],"curies":[{"name":"wp","href":"https:\/\/api.w.org\/{rel}","templated":true}]}}