{"id":2552,"date":"2020-08-29T12:53:08","date_gmt":"2020-08-29T15:53:08","guid":{"rendered":"https:\/\/mojo.org.br\/loja\/?post_type=product&#038;p=2552"},"modified":"2026-02-20T11:48:22","modified_gmt":"2026-02-20T14:48:22","slug":"pinocchio","status":"publish","type":"product","link":"https:\/\/mojo.org.br\/loja\/produtos\/pinocchio\/","title":{"rendered":"As aventuras do Pinocchio"},"content":{"rendered":"<h3>Escrito por Carlo Collodi<\/h3>\n<p>Certa vez, um simples peda\u00e7o de pau teve a ideia de se transformar em uma crian\u00e7a de verdade. Muita coisa precisaria acontecer, como por exemplo um carinhoso e solit\u00e1rio velhinho marceneiro esculpir um boneco daquela madeira ou uma fada de cabelos azuis simpatizar e o salvar repetidas vezes. Mesmo assim, o que sabe um peda\u00e7o de pau sobre a vida, responsabilidade e altru\u00edsmo? Nada, \u00e9 claro. Mas, como a vida \u00e9 m\u00e1gica por si s\u00f3, com ou sem fadas e situa\u00e7\u00f5es fant\u00e1sticas, ela mesma talvez ensine ao Pinocchio que para ser uma crian\u00e7a de verdade basta amar algu\u00e9m.<\/p>\n<p>As aventuras de <span style=\"font-weight: 400;\">Pinocchio s\u00f3 ficaram conhecidas ap\u00f3s a morte de Carlo Collodi, e ainda mais com a adapta\u00e7\u00e3o da Disney, no desenho animado de 1940, um dos primeiros longas-metragem do est\u00fadio. At\u00e9 hoje a hist\u00f3ria sobrevive pois fala profundamente com nossas emo\u00e7\u00f5es, demonstrando erros e acertos de algu\u00e9m que n\u00e3o entende o mundo e as consequ\u00eancias de seus pr\u00f3prios atos.<\/span><\/p>\n<p>Mais viva do que nunca, a hist\u00f3ria ainda tem centenas de adapta\u00e7\u00f5es para teatro, cinema, desenho animado e at\u00e9 videogames. Em 2002 o comediante italiano estrelou uma nova produ\u00e7\u00e3o e para 2021 a Netflix anunciou uma nova adapta\u00e7\u00e3o, desta vez em stop-motion, dirigida por ningu\u00e9m menos que Guillermo del Toro (diretor de <em>O labirinto do fauno, Hellboy <\/em>e <em>A forma da \u00e1gua).<\/em><\/p>\n<p>196 p\u00e1ginas, 16 x 23 cm<\/p>\n<p>Tempo de leitura: <strong>4\u00a0horas<\/strong><\/p>\n<p>T\u00edtulo original:\u00a0 <i><b>Le avventure di Pinocchio. Storia di un burattino <\/b><\/i><strong><em>(<\/em>1881-1883)<\/strong><\/p>\n<p>Tradu\u00e7\u00e3o: <strong>Adriana Zoudine<\/strong><\/p>\n<p>Ilustra\u00e7\u00e3o:\u00a0<strong>Andre Ducci<\/strong><\/p>\n<p><strong>Carlo Collodi<\/strong> \u00e9 o pseud\u00f4nimo de Carlo Lorenzini, adotado a partir de 1856 em honra ao vilarejo natal de sua m\u00e3e. Ele nasceu em Floren\u00e7a, em 24 de novembro de 1826. Foi um jornalista de sucesso, escreveu artigos para jornais de toda a It\u00e1lia e fundou, em 1848, o seu pr\u00f3prio jornal, Il Lampione. Como escritor, publicou v\u00e1rias obras liter\u00e1rias adultas e infantis, e tamb\u00e9m ilustra\u00e7\u00f5es de humor e de aventura. Em 1881 come\u00e7ou a publicar Storia di um burattino (Hist\u00f3ria de um boneco), com ilustra\u00e7\u00f5es de Eugenio Mazzanti, no primeiro peri\u00f3dico italiano voltado ao p\u00fablico infantil (o folhetim Giornale per i bambini). Essa sua obra depois ficaria conhecida como As aventuras de Pinocchio, quando os cap\u00edtulos foram compilados em livro, em 1883. Collodi morreu em 26 de outubro de 1890, em sua cidade natal, antes de Pinocchio se tornar conhecido mundialmente.<\/p>\n","protected":false},"excerpt":{"rendered":"<h4><strong><em>Capa dura, ilustra\u00e7\u00f5es coloridas, cores especiais, texto integral<\/em><\/strong><\/h4>\n<h5 style=\"color: red;\">Envio imediato!<\/h5>\n<p>As aventuras de <span style=\"font-weight: 400;\">Pinocchio s\u00f3 ficaram conhecidas ap\u00f3s a morte de Carlo Collodi, e ainda mais com a adapta\u00e7\u00e3o da Disney, no desenho animado de 1940, um dos primeiros longas-metragem do est\u00fadio. At\u00e9 hoje a hist\u00f3ria sobrevive pois fala profundamente com nossas emo\u00e7\u00f5es, demonstrando erros e acertos de algu\u00e9m que n\u00e3o entende o mundo e as consequ\u00eancias de seus pr\u00f3prios atos.<\/span><\/p>\n<p>Certa vez, um simples peda\u00e7o de pau teve a ideia de se transformar em uma crian\u00e7a de verdade. Muita coisa precisaria acontecer, como por exemplo um carinhoso e solit\u00e1rio velhinho marceneiro esculpir um boneco daquela madeira ou uma fada de cabelos azuis simpatizar e o salvar repetidas vezes. Mesmo assim, o que sabe um peda\u00e7o de pau sobre a vida, responsabilidade e altru\u00edsmo? Nada, \u00e9 claro. Mas, como a vida \u00e9 m\u00e1gica por si s\u00f3, com ou sem fadas e situa\u00e7\u00f5es fant\u00e1sticas, ela mesma talvez ensine ao Pinocchio que para ser uma crian\u00e7a de verdade basta amar algu\u00e9m.<\/p>\n<p>A cole\u00e7\u00e3o Mundos Extraordin\u00e1rios do Instituto Mojo traz os livros indiscutivelmente cl\u00e1ssicos para a sua estante. Nessa cole\u00e7\u00e3o, todos os protagonistas s\u00e3o crian\u00e7as e jovens que descobrem, enfrentam ou simplesmente s\u00e3o abandonados em mundos completamente desconhecidos para eles. Entre os t\u00edtulos est\u00e3o <em>O livro da selva<\/em> (Mowgli), <em>Peter Pan &amp; Wendy, Oz<\/em> (dois livros em um: <em>O magn\u00edfico M\u00e1gico de Oz e a maravilhosa Terra de Oz), As aventuras de Alice<\/em> (dois livros em um:<em> Alice no Pa\u00eds das Maravilhas e Atrav\u00e9s do Espelho), Pinocchio, Ilha do Tesouro, O jardim secreto, Anne of Green Gables, O segundo livro da selva<\/em> e tantos outros. Ao comprar nossos livros impressos, voc\u00ea contribui para que todos tenham acesso gratuito aos livros digitais.<\/p>\n","protected":false},"featured_media":13510,"comment_status":"open","ping_status":"closed","template":"","meta":[],"pwb-brand":[],"product_brand":[],"product_cat":[15,162,159],"product_tag":[35,29,27,28,30,26,31,33,25,24,51,34,32],"class_list":{"0":"post-2552","1":"product","2":"type-product","3":"status-publish","4":"has-post-thumbnail","6":"product_cat-livros","7":"product_cat-impresso","8":"product_cat-mundos-extraordinarios","9":"product_tag-antropologia","10":"product_tag-aventura","11":"product_tag-classicos","12":"product_tag-fada","13":"product_tag-fantasia","14":"product_tag-fantastica","15":"product_tag-historia","16":"product_tag-infancia","17":"product_tag-infantil","18":"product_tag-literatura","19":"product_tag-pinocchio","20":"product_tag-psicologia","21":"product_tag-sociologia","22":"product_shipping_class-impressos","24":"first","25":"instock","26":"purchasable","27":"product-type-simple"},"brands":[],"_links":{"self":[{"href":"https:\/\/mojo.org.br\/loja\/wp-json\/wp\/v2\/product\/2552","targetHints":{"allow":["GET"]}}],"collection":[{"href":"https:\/\/mojo.org.br\/loja\/wp-json\/wp\/v2\/product"}],"about":[{"href":"https:\/\/mojo.org.br\/loja\/wp-json\/wp\/v2\/types\/product"}],"replies":[{"embeddable":true,"href":"https:\/\/mojo.org.br\/loja\/wp-json\/wp\/v2\/comments?post=2552"}],"wp:featuredmedia":[{"embeddable":true,"href":"https:\/\/mojo.org.br\/loja\/wp-json\/wp\/v2\/media\/13510"}],"wp:attachment":[{"href":"https:\/\/mojo.org.br\/loja\/wp-json\/wp\/v2\/media?parent=2552"}],"wp:term":[{"taxonomy":"pwb-brand","embeddable":true,"href":"https:\/\/mojo.org.br\/loja\/wp-json\/wp\/v2\/pwb-brand?post=2552"},{"taxonomy":"product_brand","embeddable":true,"href":"https:\/\/mojo.org.br\/loja\/wp-json\/wp\/v2\/product_brand?post=2552"},{"taxonomy":"product_cat","embeddable":true,"href":"https:\/\/mojo.org.br\/loja\/wp-json\/wp\/v2\/product_cat?post=2552"},{"taxonomy":"product_tag","embeddable":true,"href":"https:\/\/mojo.org.br\/loja\/wp-json\/wp\/v2\/product_tag?post=2552"}],"curies":[{"name":"wp","href":"https:\/\/api.w.org\/{rel}","templated":true}]}}