{"id":2563,"date":"2020-08-29T15:18:24","date_gmt":"2020-08-29T18:18:24","guid":{"rendered":"https:\/\/mojo.org.br\/loja\/?post_type=product&#038;p=2563"},"modified":"2025-10-03T09:48:50","modified_gmt":"2025-10-03T12:48:50","slug":"ilha-do-tesouro","status":"publish","type":"product","link":"https:\/\/mojo.org.br\/loja\/produtos\/ilha-do-tesouro\/","title":{"rendered":"Ilha do tesouro"},"content":{"rendered":"<h3>Escrito por Robert Louis Stevenson<\/h3>\n<p><em>Ilha do tesouro <\/em>\u00e9 a obra que estabeleceu a m\u00edstica pirata na literatura ocidental. Foi neste livro que a perna de pau, o ba\u00fa do tesouro, os mapas secretos, o papagaio no ombro e, tamb\u00e9m, os nomes de Long John Silver, Billy Bones, Capit\u00e3o Flint e outras figuras ficaram conhecidas. Robert Louis Stevenson une uma narrativa empolgante de pura aventura com a did\u00e1tica leve sobre navega\u00e7\u00e3o e costumes da Era Vitoriana para nos fazer viajar juntos com a tripula\u00e7\u00e3o e encontrar tesouros t\u00e3o o mais valiosos do que dobr\u00f5es e pe\u00e7as de oito.<\/p>\n<p>Um velho capit\u00e3o pirata com um mapa roubado que leva a um tesouro escondido. Um marujo com uma perna de pau e um papagaio no ombro. Uma jornada cheia de perigos em uma ilha desconhecida. Se tudo isso parece lugar comum hoje em dia, em 1882 era um mundo extraordin\u00e1rio. Valendo-se de casos reais da pirataria que assolou as Am\u00e9ricas entre os s\u00e9culos 17 e 18, Robert Louis Stevenson escreveu para seu enteado a hist\u00f3ria que gostaria de ter lido quando crian\u00e7a. Essa hist\u00f3ria ressoa at\u00e9 hoje, uma leitura emocionante que criou o imagin\u00e1rio popular sobre os piratas e suas aventuras. <em>Io-ho-h\u00f4, e uma garrafa de rum!<\/em><\/p>\n<p>320 p\u00e1ginas, 16 x 23 cm<\/p>\n<p>Tempo de leitura: <strong>7\u00a0horas<\/strong><\/p>\n<p>T\u00edtulo original:\u00a0 <i><b>Treasure Island <\/b><\/i><strong><em>(<\/em>1886)<\/strong><\/p>\n<p>Tradu\u00e7\u00e3o: <strong>Gabriel Naldi<\/strong><\/p>\n<p>Ilustra\u00e7\u00e3o:\u00a0<strong>Andre Ducci<\/strong><\/p>\n<p><strong>Robert Lewis Balfour Stevenson<\/strong> (seu nome verdadeiro) nasceu em 1850, em Edimburgo, Esc\u00f3cia. Por conta de sua sa\u00fade fr\u00e1gil, passou boa parte de sua inf\u00e2ncia na cama. Para passar o tempo, inventava hist\u00f3rias e as contava para sua m\u00e3e. Formou-se em direito, profiss\u00e3o que nunca exerceu. Aos 23 anos, j\u00e1 convivia com escritores e escrevia para revistas.<br \/>\nAdulto, sua tuberculose o fez viajar e morar em diversos pa\u00edses, sempre em busca de climas que amenizassem a doen\u00e7a. Um desses lugares foi a Fran\u00e7a, onde conheceu e se apaixonou por Fanny Vandergrift Osbourne, dez anos mais velha e j\u00e1 com um filho. Quando Fanny retornou a S\u00e3o Francisco, nos Estados Unidos, Stevenson foi atr\u00e1s dela. Os dois se casaram em 1880.<br \/>\nDe volta \u00e0 Esc\u00f3cia, em 1881, Stevenson come\u00e7a a criar a hist\u00f3ria de A Ilha do tesouro para divertir seu enteado, Lloyd, ao ver o menino desenhando em uma tarde chuvosa. Stevenson desenhou um mapa que levava a um tesouro escondido por piratas. A partir da\u00ed, foi criando os personagens e o enredo.<br \/>\nNo final de sua vida, fixou-se nas Ilhas Samoa, onde ganhou status de celebridade local e o apelido Tusitala, que quer dizer \u201ccontador de hist\u00f3rias\u201d. L\u00e1 viveu at\u00e9 morrer, em 1894.<\/p>\n","protected":false},"excerpt":{"rendered":"<h4><strong><em>Capa dura, ilustra\u00e7\u00f5es coloridas, cores especiais, texto integral<\/em><\/strong><\/h4>\n<h5 style=\"color: red;\">Envio imediato!<\/h5>\n<p>Um velho capit\u00e3o pirata com um mapa roubado que leva a um tesouro escondido. Um marujo com uma perna de pau e um papagaio no ombro. Uma jornada cheia de perigos em uma ilha desconhecida. Se tudo isso parece lugar comum hoje em dia, em 1882 era um mundo extraordin\u00e1rio. Valendo-se de casos reais da pirataria que assolou as Am\u00e9ricas entre os s\u00e9culos 17 e 18, Robert Louis Stevenson escreveu para seu enteado a hist\u00f3ria que gostaria de ter lido quando crian\u00e7a. Essa hist\u00f3ria ressoa at\u00e9 hoje, uma leitura emocionante que criou o imagin\u00e1rio popular sobre os piratas e suas aventuras. <em>Io-ho-h\u00f4, e uma garrafa de rum!<\/em><\/p>\n<p>A cole\u00e7\u00e3o Mundos Extraordin\u00e1rios do Instituto Mojo traz os livros indiscutivelmente cl\u00e1ssicos para a sua estante. Nessa cole\u00e7\u00e3o, todos os protagonistas s\u00e3o crian\u00e7as e jovens que descobrem, enfrentam ou simplesmente s\u00e3o abandonados em mundos completamente desconhecidos para eles. Entre os t\u00edtulos est\u00e3o <em>O livro da selva<\/em> (Mowgli), <em>Peter Pan &amp; Wendy, Oz<\/em> (dois livros em um: <em>O magn\u00edfico M\u00e1gico de Oz e a maravilhosa Terra de Oz), As aventuras de Alice<\/em> (dois livros em um:<em> Alice no Pa\u00eds das Maravilhas e Atrav\u00e9s do Espelho), Pinocchio, Ilha do Tesouro, O jardim secreto, Anne of Green Gables, O segundo livro da selva<\/em> e tantos outros. Ao comprar nossos livros impressos, voc\u00ea contribui para que todos tenham acesso gratuito aos livros digitais.<\/p>\n","protected":false},"featured_media":13512,"comment_status":"open","ping_status":"closed","template":"","meta":[],"pwb-brand":[],"product_brand":[],"product_cat":[15,162,159],"product_tag":[29,27,31,24,57,55,56,52,53,54],"class_list":{"0":"post-2563","1":"product","2":"type-product","3":"status-publish","4":"has-post-thumbnail","6":"product_cat-livros","7":"product_cat-impresso","8":"product_cat-mundos-extraordinarios","9":"product_tag-aventura","10":"product_tag-classicos","11":"product_tag-historia","12":"product_tag-literatura","13":"product_tag-long-john-silver","14":"product_tag-mapa","15":"product_tag-navegacao","16":"product_tag-pirata","17":"product_tag-pirataria","18":"product_tag-tesouro","19":"product_shipping_class-impressos","21":"first","22":"outofstock","23":"purchasable","24":"product-type-simple"},"brands":[],"_links":{"self":[{"href":"https:\/\/mojo.org.br\/loja\/wp-json\/wp\/v2\/product\/2563","targetHints":{"allow":["GET"]}}],"collection":[{"href":"https:\/\/mojo.org.br\/loja\/wp-json\/wp\/v2\/product"}],"about":[{"href":"https:\/\/mojo.org.br\/loja\/wp-json\/wp\/v2\/types\/product"}],"replies":[{"embeddable":true,"href":"https:\/\/mojo.org.br\/loja\/wp-json\/wp\/v2\/comments?post=2563"}],"wp:featuredmedia":[{"embeddable":true,"href":"https:\/\/mojo.org.br\/loja\/wp-json\/wp\/v2\/media\/13512"}],"wp:attachment":[{"href":"https:\/\/mojo.org.br\/loja\/wp-json\/wp\/v2\/media?parent=2563"}],"wp:term":[{"taxonomy":"pwb-brand","embeddable":true,"href":"https:\/\/mojo.org.br\/loja\/wp-json\/wp\/v2\/pwb-brand?post=2563"},{"taxonomy":"product_brand","embeddable":true,"href":"https:\/\/mojo.org.br\/loja\/wp-json\/wp\/v2\/product_brand?post=2563"},{"taxonomy":"product_cat","embeddable":true,"href":"https:\/\/mojo.org.br\/loja\/wp-json\/wp\/v2\/product_cat?post=2563"},{"taxonomy":"product_tag","embeddable":true,"href":"https:\/\/mojo.org.br\/loja\/wp-json\/wp\/v2\/product_tag?post=2563"}],"curies":[{"name":"wp","href":"https:\/\/api.w.org\/{rel}","templated":true}]}}