{"id":2608,"date":"2020-09-02T14:51:43","date_gmt":"2020-09-02T17:51:43","guid":{"rendered":"https:\/\/mojo.org.br\/loja\/?post_type=product&#038;p=2608"},"modified":"2026-01-21T10:42:23","modified_gmt":"2026-01-21T13:42:23","slug":"anne-de-green-gables","status":"publish","type":"product","link":"https:\/\/mojo.org.br\/loja\/produtos\/anne-de-green-gables\/","title":{"rendered":"Anne de Green Gables"},"content":{"rendered":"<h3>Escrito por L.M. Montgomery<\/h3>\n<p>Quando <em>Anne of Green Gables<\/em> foi lan\u00e7ado nos Estados Unidos em abril de 1908 o sucesso foi imediato, vendendo mais de dezenove mil c\u00f3pias em apenas cinco meses atingindo leitores de todas as idades. A obra j\u00e1 foi adaptada para o cinema, desenho animado, s\u00e9rie de televis\u00e3o e at\u00e9 para pe\u00e7as musicais.<\/p>\n<p>Anne Shirley, a garotinha que acaba indo parar por engano na fazenda de Green Gables, \u00e9 inteligente, dram\u00e1tica, brincalhona e dona de uma imagina\u00e7\u00e3o muito f\u00e9rtil. N\u00e3o gosta da sua apar\u00eancia, se acha muito p\u00e1lida e magricela, cheia de sardas, despreza seu cabelo vermelho, mas gosta do seu nariz. Diana Barry \u00e9 sua \u201camiga do peito\u201d e Gilbert Blythe \u00e9 um menino muito chato que faz piada com seu cabelo.<\/p>\n<p>Seu jeito \u00fanico logo anima rapidamente a comunidade local e o livro narra de forma muito divertida in\u00fameros casos peculiares que v\u00e3o desde cabelos verdes at\u00e9 vinhos de groselha.<\/p>\n<p><span style=\"font-weight: 400;\">336 p\u00e1ginas, 16 x 23 cm<\/span><\/p>\n<p>Tempo de leitura: <strong>6,5 horas<\/strong><\/p>\n<p>T\u00edtulo original:\u00a0<strong>Anne of Green Gables (1908)<\/strong><\/p>\n<p>Tradu\u00e7\u00e3o:\u00a0<strong>Adriana Zoudine<\/strong><\/p>\n<p>Ilustra\u00e7\u00e3o:\u00a0<strong>Andre Ducci<\/strong><\/p>\n<p><strong>Lucy Maud Montgomery<\/strong> foi uma escritora canadense conhecida como L.M. Montgomery, estudou literatura na Universidade de Dalhousie, em Halifax, no Canad\u00e1. Atuou como professora, que apesar de ser um trabalho que n\u00e3o apreciava muito, permitia que tivesse tempo para se dedicar \u00e0 escrita. Publicou in\u00fameros contos em revistas e jornais antes do primeiro livro, tendo a marca de cem hist\u00f3rias editadas entre 1897 e 1907.<\/p>\n<p><em>Anne of Green Gables<\/em> foi seu primeiro livro. O sucesso foi tanto que Anne se tornou uma s\u00e9rie de oito livros nos quais a personagem aparece tanto como protagonista como coadjuvante. O \u00faltimo livro foi editado somente em 2009, sessenta e sete anos depois da morte da escritora.<\/p>\n<p>O livro faz um enorme sucesso no Jap\u00e3o ainda nos dias de hoje, foi inclu\u00eddo no curr\u00edculo escolar nacional desde 1952 e se tornou um \u00edcone pop depois de um anime lan\u00e7ado em 1979. Casais japoneses viajam at\u00e9 o Canad\u00e1 para se casar na fazenda Green Gables, que realmente existe, onde as garotas usam seus cabelos tingidos de vermelhos presos em rabos de cavalo para se parecer com Anne durante a cerimonia.<\/p>\n","protected":false},"excerpt":{"rendered":"<h4><strong><em>Capa dura, ilustra\u00e7\u00f5es coloridas, cores especiais, texto integral<\/em><\/strong><\/h4>\n<h5 style=\"color: red;\">Envio imediato!<\/h5>\n<p>https:\/\/www.youtube.com\/watch?v=-i3fG0vZZyQ<\/p>\n<p>Quando os irm\u00e3os, Marilla e Matthew Cuthbert, decidiram adotar um garoto para ajudar nos afazeres da fazenda Green Gables n\u00e3o esperavam receber de presente a garota tagarela que n\u00e3o esconde a felicidade por estar indo para seu novo lar. O cl\u00e1ssico de L.M. Montgomery lan\u00e7ado em 1908 nos brinda com o mundo de descobertas e de imagina\u00e7\u00e3o de Anne Shirley que tr\u00e1s de volta toda a magia da inf\u00e2ncia para jovens e adultos de todas as idades.<\/p>\n<p>Anne Shirley, a garotinha que acaba indo parar por engano na fazenda de Green Gables, \u00e9 inteligente, dram\u00e1tica, brincalhona e dona de uma imagina\u00e7\u00e3o muito f\u00e9rtil. N\u00e3o gosta da sua apar\u00eancia, se acha muito p\u00e1lida e magricela, cheia de sardas, despreza seu cabelo vermelho, mas gosta do seu nariz. Diana Barry \u00e9 sua \u201camiga do peito\u201d e Gilbert Blythe \u00e9 um menino muito chato que faz piada com seu cabelo.<\/p>\n<p>Seu jeito \u00fanico logo anima rapidamente a comunidade local e o livro narra de forma muito divertida in\u00fameros casos peculiares que v\u00e3o desde cabelos verdes at\u00e9 vinhos de groselha.<\/p>\n<p>A cole\u00e7\u00e3o Mundos Extraordin\u00e1rios do Instituto Mojo traz os livros indiscutivelmente cl\u00e1ssicos para a sua estante. Nessa cole\u00e7\u00e3o, todos os protagonistas s\u00e3o crian\u00e7as e jovens que descobrem, enfrentam ou simplesmente s\u00e3o abandonados em mundos completamente desconhecidos para eles. Entre os t\u00edtulos est\u00e3o <em>O livro da selva<\/em> (Mowgli), <em>Peter Pan &amp; Wendy, Oz<\/em> (dois livros em um: <em>O magn\u00edfico M\u00e1gico de Oz e a maravilhosa Terra de Oz), As aventuras de Alice<\/em> (dois livros em um:<em> Alice no Pa\u00eds das Maravilhas e Atrav\u00e9s do Espelho), Pinocchio, Ilha do Tesouro, O jardim secreto, Anne of Green Gables, O segundo livro da selva<\/em> e tantos outros. Ao comprar nossos livros impressos, voc\u00ea contribui para que todos tenham acesso gratuito aos livros digitais.<\/p>\n","protected":false},"featured_media":13511,"comment_status":"open","ping_status":"closed","template":"","meta":[],"pwb-brand":[],"product_brand":[],"product_cat":[15,159],"product_tag":[59,61,60],"class_list":{"0":"post-2608","1":"product","2":"type-product","3":"status-publish","4":"has-post-thumbnail","6":"product_cat-livros","7":"product_cat-mundos-extraordinarios","8":"product_tag-anne","9":"product_tag-gables","10":"product_tag-infantojuvenil","11":"product_shipping_class-impressos","13":"first","14":"instock","15":"purchasable","16":"product-type-simple"},"brands":[],"_links":{"self":[{"href":"https:\/\/mojo.org.br\/loja\/wp-json\/wp\/v2\/product\/2608","targetHints":{"allow":["GET"]}}],"collection":[{"href":"https:\/\/mojo.org.br\/loja\/wp-json\/wp\/v2\/product"}],"about":[{"href":"https:\/\/mojo.org.br\/loja\/wp-json\/wp\/v2\/types\/product"}],"replies":[{"embeddable":true,"href":"https:\/\/mojo.org.br\/loja\/wp-json\/wp\/v2\/comments?post=2608"}],"wp:featuredmedia":[{"embeddable":true,"href":"https:\/\/mojo.org.br\/loja\/wp-json\/wp\/v2\/media\/13511"}],"wp:attachment":[{"href":"https:\/\/mojo.org.br\/loja\/wp-json\/wp\/v2\/media?parent=2608"}],"wp:term":[{"taxonomy":"pwb-brand","embeddable":true,"href":"https:\/\/mojo.org.br\/loja\/wp-json\/wp\/v2\/pwb-brand?post=2608"},{"taxonomy":"product_brand","embeddable":true,"href":"https:\/\/mojo.org.br\/loja\/wp-json\/wp\/v2\/product_brand?post=2608"},{"taxonomy":"product_cat","embeddable":true,"href":"https:\/\/mojo.org.br\/loja\/wp-json\/wp\/v2\/product_cat?post=2608"},{"taxonomy":"product_tag","embeddable":true,"href":"https:\/\/mojo.org.br\/loja\/wp-json\/wp\/v2\/product_tag?post=2608"}],"curies":[{"name":"wp","href":"https:\/\/api.w.org\/{rel}","templated":true}]}}