{"id":2611,"date":"2020-09-02T15:01:09","date_gmt":"2020-09-02T18:01:09","guid":{"rendered":"https:\/\/mojo.org.br\/loja\/?post_type=product&#038;p=2611"},"modified":"2025-10-03T09:48:51","modified_gmt":"2025-10-03T12:48:51","slug":"o-jardim-secreto","status":"publish","type":"product","link":"https:\/\/mojo.org.br\/loja\/produtos\/o-jardim-secreto\/","title":{"rendered":"O jardim secreto"},"content":{"rendered":"<h3><strong>Escrito por Frances Hodgson Burnett<\/strong><\/h3>\n<p>A pequena Mary Lennox foi viver na misteriosa mans\u00e3o do seu tio depois de perder seus pais, um lugar sinistro, cheio de c\u00f4modos trancados, um primo doente, criados que agem como patr\u00f5es\u00a0e um jardim secreto onde \u00e9 proibido entrar. Do inverno at\u00e9 a primavera, tudo isso mudar\u00e1. Obra m\u00e1xima de Frances Hodgson Burnett lan\u00e7ada em 1911, foi o primeiro livro em que um garoto e uma garota apareceram como personagens principais.<\/p>\n<p>\u201cSe voc\u00ea olhar para o lado certo, ver\u00e1 que o mundo inteiro \u00e9 um jardim.\u201d A hist\u00f3ria do renascimento de um jardim e de seus personagens revela que quando h\u00e1 carinho e dedica\u00e7\u00e3o, pessoas e jardins vicejam.<\/p>\n<p>Mary Lennox, uma garota em luto, muito desagrad\u00e1vel e de temperamento explosivo n\u00e3o gosta em nada da casa para onde foi levada depois da morte de seus pais. Tudo ali \u00e9 sombrio, frio e nem um pouco alegre, at\u00e9 conhecer a bem humorada Martha Sowerby cheia de hist\u00f3rias sobre a charneca e a falecida esposa de seu tio \u2014 e seu incr\u00edvel jardim secreto que permanece trancado.<\/p>\n<p>A garotinha logo decide procurar por esse lugar fant\u00e1stico e contar\u00e1 com a companhia de seu primo \u201cinv\u00e1lido\u201d e de Dickon, o garoto que encanta animais e sabe tudo sobre as plantas.<\/p>\n<p><span style=\"font-weight: 400;\">272 p\u00e1ginas, 16 x 23 cm<\/span><\/p>\n<p>Tempo de leitura: <strong>7 horas<\/strong><\/p>\n<p>T\u00edtulo original:\u00a0<strong>The Secret Garden (1911)<\/strong><\/p>\n<p>Tradu\u00e7\u00e3o:\u00a0<strong>Ricardo Giassetti<\/strong><\/p>\n<p>Ilustra\u00e7\u00e3o:\u00a0<strong>Andre Ducci<\/strong><\/p>\n<p><strong>Frances Hodgson Burnett<\/strong> foi uma romancista bastante conhecida pelas obras <em>O pequeno lorde<\/em> (1886), <em>A princesinha<\/em> (1905) e <em>O jardim secreto<\/em> (1911). Este \u00faltimo n\u00e3o fez tanto sucesso como os anteriores enquanto a escritora era viva, foi s\u00f3 com trabalhos acad\u00eamicos na literatura infantil no final do s\u00e9culo passado que o livro foi ganhando cada vez mais destaque e apontado como um dos melhores livros infantis do s\u00e9culo XX.<\/p>\n<p>Em uma pesquisa da BBC na Inglaterra em 2003 o livro ficou na 51\u00aa posi\u00e7\u00e3o dentre todos os livros mais amados pelos brit\u00e2nicos. Em 2012, foi classificado em 15\u00ba lugar entre os romances infantis de todos os tempos em uma pesquisa publicada pelo School Library Journal , uma publica\u00e7\u00e3o mensal com uma audi\u00eancia principalmente nos Estados Unidos. (<em>A princesinha<\/em> ficou com a posi\u00e7\u00e3o 56 e <em>O pequeno lorde<\/em> n\u00e3o foi classificado).<\/p>\n<p>A primeira adapta\u00e7\u00e3o para o cinema foi feita em 1919, mas acredita-se que o filme esteja perdido, houve ainda outras tr\u00eas adapta\u00e7\u00f5es: em 1949, 1993 e a mais recente lan\u00e7ada neste ano de 2020. Houve ainda v\u00e1rias s\u00e9ries de TV e pe\u00e7as teatrais.<\/p>\n","protected":false},"excerpt":{"rendered":"<h4><strong><em>Capa dura, ilustra\u00e7\u00f5es coloridas, cores especiais, texto integral<\/em><\/strong><\/h4>\n<h5 style=\"color: red;\">Envio imediato!<\/h5>\n<p>https:\/\/www.youtube.com\/watch?v=B3J5PaHDl6c<\/p>\n<p><em>A pequena Mary Lennox foi viver na misteriosa mans\u00e3o do seu tio depois de perder seus pais, um lugar sinistro, cheio de c\u00f4modos trancados, um primo doente, criados que agem como patr\u00f5es\u00a0e um jardim secreto onde \u00e9 proibido entrar. Do inverno at\u00e9 a primavera, tudo isso mudar\u00e1. Obra m\u00e1xima de Frances Hodgson Burnett lan\u00e7ada em 1911, foi o primeiro livro em que um garoto e uma garota apareceram como personagens principais.<\/em><\/p>\n<p>&nbsp;<\/p>\n<p>\u201cSe voc\u00ea olhar para o lado certo, ver\u00e1 que o mundo inteiro \u00e9 um jardim.\u201d A hist\u00f3ria do renascimento de um jardim e de seus personagens revela que quando h\u00e1 carinho e dedica\u00e7\u00e3o, pessoas e jardins vicejam.<\/p>\n<p>Mary Lennox, uma garota em luto, muito desagrad\u00e1vel e de temperamento explosivo n\u00e3o gosta em nada da casa para onde foi levada depois da morte de seus pais. Tudo ali \u00e9 sombrio, frio e nem um pouco alegre, at\u00e9 conhecer a bem humorada Martha Sowerby cheia de hist\u00f3rias sobre a charneca e a falecida esposa de seu tio \u2014 e seu incr\u00edvel jardim secreto que permanece trancado.<\/p>\n<p>A garotinha logo decide procurar por esse lugar fant\u00e1stico e contar\u00e1 com a companhia de seu primo \u201cinv\u00e1lido\u201d e de Dickon, o garoto que encanta animais e sabe tudo sobre as plantas.<\/p>\n","protected":false},"featured_media":13514,"comment_status":"open","ping_status":"closed","template":"","meta":[],"pwb-brand":[],"product_brand":[],"product_cat":[162,159],"product_tag":[82,110,144,72,73],"class_list":{"0":"post-2611","1":"product","2":"type-product","3":"status-publish","4":"has-post-thumbnail","6":"product_cat-impresso","7":"product_cat-mundos-extraordinarios","8":"product_tag-burnett","9":"product_tag-classico","10":"product_tag-inglaterra","11":"product_tag-jardim","12":"product_tag-secreto","13":"product_shipping_class-impressos","15":"first","16":"instock","17":"purchasable","18":"product-type-simple"},"brands":[],"_links":{"self":[{"href":"https:\/\/mojo.org.br\/loja\/wp-json\/wp\/v2\/product\/2611","targetHints":{"allow":["GET"]}}],"collection":[{"href":"https:\/\/mojo.org.br\/loja\/wp-json\/wp\/v2\/product"}],"about":[{"href":"https:\/\/mojo.org.br\/loja\/wp-json\/wp\/v2\/types\/product"}],"replies":[{"embeddable":true,"href":"https:\/\/mojo.org.br\/loja\/wp-json\/wp\/v2\/comments?post=2611"}],"wp:featuredmedia":[{"embeddable":true,"href":"https:\/\/mojo.org.br\/loja\/wp-json\/wp\/v2\/media\/13514"}],"wp:attachment":[{"href":"https:\/\/mojo.org.br\/loja\/wp-json\/wp\/v2\/media?parent=2611"}],"wp:term":[{"taxonomy":"pwb-brand","embeddable":true,"href":"https:\/\/mojo.org.br\/loja\/wp-json\/wp\/v2\/pwb-brand?post=2611"},{"taxonomy":"product_brand","embeddable":true,"href":"https:\/\/mojo.org.br\/loja\/wp-json\/wp\/v2\/product_brand?post=2611"},{"taxonomy":"product_cat","embeddable":true,"href":"https:\/\/mojo.org.br\/loja\/wp-json\/wp\/v2\/product_cat?post=2611"},{"taxonomy":"product_tag","embeddable":true,"href":"https:\/\/mojo.org.br\/loja\/wp-json\/wp\/v2\/product_tag?post=2611"}],"curies":[{"name":"wp","href":"https:\/\/api.w.org\/{rel}","templated":true}]}}