{"id":3723,"date":"2021-03-15T16:32:16","date_gmt":"2021-03-15T19:32:16","guid":{"rendered":"https:\/\/mojo.org.br\/loja\/?post_type=product&#038;p=3723"},"modified":"2026-03-01T12:47:00","modified_gmt":"2026-03-01T15:47:00","slug":"recita-de-natal-em-avonlea-anne-de-green-gables-especial","status":"publish","type":"product","link":"https:\/\/mojo.org.br\/loja\/produtos\/recita-de-natal-em-avonlea-anne-de-green-gables-especial\/","title":{"rendered":"R\u00e9cita de Natal em Avonlea \u2014 Anne de Green Gables Especial"},"content":{"rendered":"<p class=\"p1\"><span class=\"s1\">Esta edi\u00e7\u00e3o in\u00e9dita compila v\u00e1rios dos poemas citados por Anne Shirley ou pela autora, Lucy Maud Montgomery, ao longo do livro <i>Anne de Green Gables<\/i>, do Instituto Mojo. Muitos deles j\u00e1 est\u00e3o esquecidos e s\u00e3o verdadeiras raridades que nosso capricho editorial resgatou das estantes empoeiradas do passado. Os poemas \u00e9picos e os epis\u00f3dios pitorescos das pequenas obras reunidas neste volume revelam muito da personalidade de Anne, seu modo de falar, pensar e agir. Esperamos que todos tenham uma leitura agrad\u00e1vel e que assim seja acrescentada uma nova camada de significado a essa obra t\u00e3o querida por todos n\u00f3s.<\/span><\/p>\n<p class=\"p1\"><span class=\"s1\">Traduzido e editado por <strong>Ricardo Giassetti &amp; Gabriel Naldi.<\/strong><\/span><\/p>\n<p>Formato brochura, 60 <span class=\"s1\">p\u00e1ginas<\/span><\/p>\n<p>16 x 23 cm, <span class=\"s1\">Papel P\u00f3len 90 g\/m2<\/span><\/p>\n<p>&nbsp;<\/p>\n<p><strong>Conte\u00fados<\/strong><\/p>\n<p class=\"p3\">Nelly no vale das aveleiras<span class=\"s2\"><b><br \/>\n<\/b><\/span><span class=\"s3\"><i>de George Frederick Root<\/i><\/span><\/p>\n<p class=\"p3\">Muito acima das [delicadas] margaridas<span class=\"s2\"><b><br \/>\n<\/b><\/span><span class=\"s3\"><i>de Ceo. Cooper e H. Millard<\/i><\/span><\/p>\n<p class=\"p3\">Minha casa na colina<span class=\"s2\"><b><br \/>\n<\/b><\/span><span class=\"s3\"><i>de W. C. Baker<\/i><\/span><\/p>\n<p class=\"p3\">A batalha de Hohenlinden<span class=\"s2\"><b><br \/>\n<\/b><\/span><span class=\"s3\"><i>de Thomas Campbell<\/i><\/span><\/p>\n<p class=\"p3\">Edimburgo depois de Flodden<span class=\"s2\"><b><br \/>\n<\/b><\/span><span class=\"s3\"><i>de William E. Aytoun<\/i><\/span><\/p>\n<p class=\"p4\"><span class=\"s4\">Bingen, no Reno<\/span><span class=\"s5\"><b><br \/>\n<\/b><\/span><i>de Caroline Elizabeth Sarah Norton<\/i><\/p>\n<p class=\"p3\">Sobre a queda da Pol\u00f4nia<span class=\"s2\"><b><br \/>\n<\/b><\/span><span class=\"s3\"><i>de Thomas Campbell<\/i><\/span><\/p>\n<p class=\"p3\">O c\u00e3o na cova de seu dono<span class=\"s2\"><b><br \/>\n<\/b><\/span><span class=\"s3\"><i>de Robert Henry Johnson<\/i><\/span><\/p>\n<p class=\"p3\">Esta noite o toque de recolher n\u00e3o deve soar<span class=\"s2\"><b><br \/>\n<\/b><\/span><span class=\"s3\"><i>de Rose Hartwick Thorpe<\/i><\/span><\/p>\n<p class=\"p3\">Como Xacarias preparou sua galinha<span class=\"s2\"><b><br \/>\n<\/b><\/span><span class=\"s3\"><i>do Poultry Bulletin<\/i><\/span><\/p>\n<p class=\"p3\">Mary, rainha dos escoceses<span class=\"s2\"><b><br \/>\n<\/b><\/span><span class=\"s3\"><i>de Henry Glassford Bell<\/i><\/span><\/p>\n<p class=\"p3\">A Sociedade para Supress\u00e3o da Fofoca<span class=\"s2\"><b><br \/>\n<\/b><\/span><span class=\"s3\"><i>de T. S. Denison<\/i><\/span><\/p>\n<p class=\"p3\">A rainha das fadas<span class=\"s2\"><b><br \/>\n<\/b><\/span><span class=\"s3\"><i>de Thomas Percy<\/i><\/span><\/p>\n<p class=\"p4\"><span class=\"s4\">A Dama de Shalott<\/span><span class=\"s5\"><b><br \/>\n<\/b><\/span><i>de Sir Alfred Tennyson<\/i><\/p>\n<p class=\"p3\">Mars-la-Tour<span class=\"Apple-converted-space\">\u00a0 <\/span>ou O voto da donzela<span class=\"s2\"><b><br \/>\n<\/b><\/span><span class=\"s3\"><i>de Stafford MacGregor<\/i><\/span><\/p>\n<p class=\"p4\"><span class=\"s4\">O Ceifador e as flores<\/span><span class=\"s5\"><b><br \/>\n<\/b><\/span><i>de Henry Wadsworth Longfellow<\/i><\/p>\n<p>&nbsp;<\/p>\n","protected":false},"excerpt":{"rendered":"<p class=\"p1\"><span class=\"s1\">Esta edi\u00e7\u00e3o in\u00e9dita compila v\u00e1rios dos poemas citados por Anne Shirley ou pela autora, Lucy Maud Montgomery, ao longo do livro <i>Anne de Green Gables<\/i>, do Instituto Mojo. Muitos deles j\u00e1 est\u00e3o esquecidos e s\u00e3o verdadeiras raridades que nosso capricho editorial resgatou das estantes empoeiradas do passado. Os poemas \u00e9picos e os epis\u00f3dios pitorescos das pequenas obras reunidas neste volume revelam muito da personalidade de Anne, seu modo de falar, pensar e agir. Esperamos que todos tenham uma leitura agrad\u00e1vel e que assim seja acrescentada uma nova camada de significado a essa obra t\u00e3o querida por todos n\u00f3s. <\/span><\/p>\n<p class=\"p1\"><span class=\"s1\">Traduzido e editado por Ricardo Giassetti e Gabriel Naldi.<\/span><\/p>\n","protected":false},"featured_media":3513,"comment_status":"open","ping_status":"closed","template":"","meta":[],"pwb-brand":[],"product_brand":[],"product_cat":[162,159],"product_tag":[59,91,86,89,88,90],"class_list":{"0":"post-3723","1":"product","2":"type-product","3":"status-publish","4":"has-post-thumbnail","6":"product_cat-impresso","7":"product_cat-mundos-extraordinarios","8":"product_tag-anne","9":"product_tag-contos","10":"product_tag-greengables","11":"product_tag-poemas","12":"product_tag-poesia","13":"product_tag-raro","14":"product_shipping_class-impressos","16":"first","17":"instock","18":"purchasable","19":"product-type-simple"},"brands":[],"_links":{"self":[{"href":"https:\/\/mojo.org.br\/loja\/wp-json\/wp\/v2\/product\/3723","targetHints":{"allow":["GET"]}}],"collection":[{"href":"https:\/\/mojo.org.br\/loja\/wp-json\/wp\/v2\/product"}],"about":[{"href":"https:\/\/mojo.org.br\/loja\/wp-json\/wp\/v2\/types\/product"}],"replies":[{"embeddable":true,"href":"https:\/\/mojo.org.br\/loja\/wp-json\/wp\/v2\/comments?post=3723"}],"wp:featuredmedia":[{"embeddable":true,"href":"https:\/\/mojo.org.br\/loja\/wp-json\/wp\/v2\/media\/3513"}],"wp:attachment":[{"href":"https:\/\/mojo.org.br\/loja\/wp-json\/wp\/v2\/media?parent=3723"}],"wp:term":[{"taxonomy":"pwb-brand","embeddable":true,"href":"https:\/\/mojo.org.br\/loja\/wp-json\/wp\/v2\/pwb-brand?post=3723"},{"taxonomy":"product_brand","embeddable":true,"href":"https:\/\/mojo.org.br\/loja\/wp-json\/wp\/v2\/product_brand?post=3723"},{"taxonomy":"product_cat","embeddable":true,"href":"https:\/\/mojo.org.br\/loja\/wp-json\/wp\/v2\/product_cat?post=3723"},{"taxonomy":"product_tag","embeddable":true,"href":"https:\/\/mojo.org.br\/loja\/wp-json\/wp\/v2\/product_tag?post=3723"}],"curies":[{"name":"wp","href":"https:\/\/api.w.org\/{rel}","templated":true}]}}