{"id":44,"date":"2018-07-28T14:02:55","date_gmt":"2018-07-28T17:02:55","guid":{"rendered":"https:\/\/loja.dominioaopublico.org.br\/?post_type=product&#038;p=44"},"modified":"2026-03-17T06:18:54","modified_gmt":"2026-03-17T09:18:54","slug":"o-livro-da-selva","status":"publish","type":"product","link":"https:\/\/mojo.org.br\/loja\/produtos\/o-livro-da-selva\/","title":{"rendered":"O Livro da Selva"},"content":{"rendered":"<h3><strong>Escrito por Rudyard Kipling<\/strong><\/h3>\n<p>Voc\u00ea acabou de aprender a andar, est\u00e1 perdido na selva com um tigre faminto querendo mastigar os ossos do seu corpo. Por sorte, uma fam\u00edlia de lobos acha voc\u00ea engra\u00e7ado e o adota. Um ser humano pode viver entre os animais? Como essa rela\u00e7\u00e3o pode dar certo? Depois que voc\u00ea vira um &#8220;animal&#8221;, \u00e9 poss\u00edvel voltar a conviver com pessoas? A vida de Mowgli, a &#8220;pequena r\u00e3&#8221;, \u00e9 contada por Rudyard Kipling de um modo comovente e cheio de aventuras.<\/p>\n<p>Al\u00e9m de <strong>tr\u00eas hist\u00f3rias<\/strong> de Mowgli, outros quatro contos incr\u00edveis! Um jovem mangusto salva uma fam\u00edlia inteira de um casal de najas; uma foca branca busca a praia perfeita, onde nenhum matador de focas jamais chegaria; o ca\u00e7ula de uma fam\u00edlia domadora de elefantes \u00e9 a \u00fanica pessoa a participar da misteriosa dan\u00e7a noturna dos elefantes; e os animais do ex\u00e9rcito brit\u00e2nico discutem as batalhas sem sentido dos homens brancos.<\/p>\n<p><span style=\"font-weight: 400;\">240 p\u00e1ginas, 16 x 23 cm<\/span><\/p>\n<p>Tempo de leitura: <strong>3,5 horas<\/strong><\/p>\n<p>T\u00edtulo original:\u00a0<strong>The Jungle Book (1894)<\/strong><\/p>\n<p>Tradu\u00e7\u00e3o:\u00a0<strong>Ricardo Giassetti<\/strong><\/p>\n<p>Ilustra\u00e7\u00e3o:\u00a0<strong>Andre Ducci<\/strong><\/p>\n<p><strong>Joseph Rudyard Kipling<\/strong> nasceu em Bombaim (Mumbai), em 30 de dezembro de 1865, e morreu em Londres, em 18 de janeiro de 1936. Autor de poemas, contos, ensaios e romances, recebeu o Nobel de Literatura em 1907. Admirado por T. S. Elliot e Jorge Luis Borges, Kipling foi porta-voz do ideal imperial brit\u00e2nico. Era rep\u00f3rter da presen\u00e7a de cidad\u00e3os e soldados do Reino Unido na \u00cdndia e outros pa\u00edses ao final do s\u00e9culo 19.<\/p>\n<p>Sua obra \u00e9 pol\u00eamica, pois ao mesmo tempo em que exalta a beleza e os detalhes da \u00cdndia, endossa a domina\u00e7\u00e3o brit\u00e2nica. Entre seus cr\u00edticos estavam George Orwell, autor de 1984. Kipling perdeu sua filha Josephine para a pneumonia em 1899 \u2014 para quem escreveu as hist\u00f3rias de O Livro da Selva e um filho, John, na Primeira Guerra Mundial.<\/p>\n<p>Abaixo, um trecho do artigo de Nina Martyris para a revista New Yorker:<\/p>\n<p><em>Kipling \u00e9 frequentemente ridicularizado como um fan\u00e1tico imperialista que prostituiu seu incr\u00edvel talento para a propaganda e a pol\u00edtica. Mesmo durante a guerra, recebia cartas dizendo que um apoiador da guerra merecia perder seu filho. Mas isso \u00e9 uma leitura err\u00f4nea de suas repetidas advert\u00eancias sobre uma invas\u00e3o alem\u00e3, para que a Gr\u00e3-Bretanha se preparasse. Certamente se entregava ao culto ao imp\u00e9rio, mas esse era apenas um dos aspectos desse homem paradoxal e contencioso.<\/em><\/p>\n<p><em>Em sua poesia, dramatiza a guerra como uma afli\u00e7\u00e3o primitiva, que desencadeia alegria, raiva e terror. O fantasma de John assombra seus textos, chamuscando-os com raiva. Em \u201cThe Children\u201d, por exemplo, o poeta reitera tranquilamente a promessa de retribui\u00e7\u00e3o, apenas para retornar a um insuport\u00e1vel impasse: \u201cMas quem devolver\u00e1 nossos filhos?\u201d O poema \u201cA Death-Bed\u201d pretende ser abertamente desagrad\u00e1vel, comemorando a not\u00edcia de que o Kaiser alem\u00e3o tem c\u00e2ncer. A tristeza e a ira sinistras convergem para uma palavra desdenhosa que ele usava para descrever o homem que considerava ser o respons\u00e1vel pela guerra: o Coisa.<\/em><\/p>\n","protected":false},"excerpt":{"rendered":"<h4><strong><em>Capa dura, ilustra\u00e7\u00f5es coloridas, cores especiais, texto integral<\/em><\/strong><\/h4>\n<h5 style=\"color: red;\">Envio imediato<\/h5>\n<p>https:\/\/www.youtube.com\/watch?v=B3J5PaHDl6c<\/p>\n<p><em>Os animais falam, mas n\u00e3o \u00e9 uma f\u00e1bula para beb\u00eas dormirem. Tem crian\u00e7a protagonista, mas ningu\u00e9m toma leite com chocolate. A vida \u00e9 mais dura quando macacos enlouquecidos, tigres vingativos e humanos ambiciosos querem desviar Mowgli da Lei da Selva. Rudyard Kipling criou Mowgli em 1893. Disney o adaptou para o cinema em 1967.\u00a0\u00c9 um livro cl\u00e1ssico, de leitura f\u00e1cil, que agora tamb\u00e9m est\u00e1 livre e gratuito para todos.<\/em><\/p>\n<p>A cole\u00e7\u00e3o Mundos Extraordin\u00e1rios do Instituto Mojo traz os livros indiscutivelmente cl\u00e1ssicos para a sua estante. Nessa cole\u00e7\u00e3o, todos os protagonistas s\u00e3o crian\u00e7as e jovens que descobrem, enfrentam ou simplesmente s\u00e3o abandonados em mundos completamente desconhecidos para eles. Entre os t\u00edtulos est\u00e3o <em>O livro da selva<\/em> (Mowgli), <em>Peter Pan &amp; Wendy, Oz<\/em> (dois livros em um: <em>O magn\u00edfico M\u00e1gico de Oz e a maravilhosa Terra de Oz), As aventuras de Alice<\/em> (dois livros em um:<em> Alice no Pa\u00eds das Maravilhas e Atrav\u00e9s do Espelho), Pinocchio, Ilha do Tesouro, O jardim secreto, Anne of Green Gables, O segundo livro da selva<\/em> e tantos outros. Ao comprar nossos livros impressos, voc\u00ea contribui para que todos tenham acesso gratuito aos livros digitais.<\/p>\n","protected":false},"featured_media":13513,"comment_status":"open","ping_status":"closed","template":"","meta":[],"pwb-brand":[],"product_brand":[],"product_cat":[15,162,159],"product_tag":[35,29,27,28,30,26,31,33,25,24,34,32],"class_list":{"0":"post-44","1":"product","2":"type-product","3":"status-publish","4":"has-post-thumbnail","6":"product_cat-livros","7":"product_cat-impresso","8":"product_cat-mundos-extraordinarios","9":"product_tag-antropologia","10":"product_tag-aventura","11":"product_tag-classicos","12":"product_tag-fada","13":"product_tag-fantasia","14":"product_tag-fantastica","15":"product_tag-historia","16":"product_tag-infancia","17":"product_tag-infantil","18":"product_tag-literatura","19":"product_tag-psicologia","20":"product_tag-sociologia","21":"product_shipping_class-impressos","23":"first","24":"instock","25":"purchasable","26":"product-type-simple"},"brands":[],"_links":{"self":[{"href":"https:\/\/mojo.org.br\/loja\/wp-json\/wp\/v2\/product\/44","targetHints":{"allow":["GET"]}}],"collection":[{"href":"https:\/\/mojo.org.br\/loja\/wp-json\/wp\/v2\/product"}],"about":[{"href":"https:\/\/mojo.org.br\/loja\/wp-json\/wp\/v2\/types\/product"}],"replies":[{"embeddable":true,"href":"https:\/\/mojo.org.br\/loja\/wp-json\/wp\/v2\/comments?post=44"}],"wp:featuredmedia":[{"embeddable":true,"href":"https:\/\/mojo.org.br\/loja\/wp-json\/wp\/v2\/media\/13513"}],"wp:attachment":[{"href":"https:\/\/mojo.org.br\/loja\/wp-json\/wp\/v2\/media?parent=44"}],"wp:term":[{"taxonomy":"pwb-brand","embeddable":true,"href":"https:\/\/mojo.org.br\/loja\/wp-json\/wp\/v2\/pwb-brand?post=44"},{"taxonomy":"product_brand","embeddable":true,"href":"https:\/\/mojo.org.br\/loja\/wp-json\/wp\/v2\/product_brand?post=44"},{"taxonomy":"product_cat","embeddable":true,"href":"https:\/\/mojo.org.br\/loja\/wp-json\/wp\/v2\/product_cat?post=44"},{"taxonomy":"product_tag","embeddable":true,"href":"https:\/\/mojo.org.br\/loja\/wp-json\/wp\/v2\/product_tag?post=44"}],"curies":[{"name":"wp","href":"https:\/\/api.w.org\/{rel}","templated":true}]}}