{"id":5484,"date":"2021-11-01T16:17:06","date_gmt":"2021-11-01T19:17:06","guid":{"rendered":"https:\/\/mojo.org.br\/loja\/?post_type=product&#038;p=5484"},"modified":"2026-03-01T12:47:00","modified_gmt":"2026-03-01T15:47:00","slug":"a-casa-sem-chave","status":"publish","type":"product","link":"https:\/\/mojo.org.br\/loja\/produtos\/a-casa-sem-chave\/","title":{"rendered":"A casa sem chave"},"content":{"rendered":"<p>Leia um trecho:<\/p>\n<p>A srta. Minerva se inclinou para a frente, seus olhos atentos buscavam o rosto de Dan. Ele estava virado para a parede, com a cabe\u00e7a afundada no travesseiro.<\/p>\n<p>\u2014 Dan \u2014 chamou com a voz titubeante. Colocou a m\u00e3o sobre a face do homem.<\/p>\n<p>O ar noturno estava quente e abafado, mas ela sentiu um calafrio quando afastou, num susto, a m\u00e3o. R\u00e1pida! Ela precisava ser r\u00e1pida agora.<\/p>\n<p>Correu pela sala de estar at\u00e9 o hall. O telefone ficava em um arm\u00e1rio sob as escadas da entrada. Seus dedos voltaram a tremer ao tatear os n\u00fameros do aparelho. Conseguiu discar, ouviu finalmente uma voz respondendo.<\/p>\n<p>\u2014 Amos? \u00c9 voc\u00ea, Amos? Aqui \u00e9 a Minerva. Venha para a casa de Dan assim que puder.<\/p>\n<p>A voz resmungou em protesto. A srta. Minerva interrompeu r\u00edspida.<\/p>\n<p>\u2014 Pelo amor de Deus, Amos, esque\u00e7a essa rixa est\u00fapida. Seu irm\u00e3o est\u00e1 morto.<\/p>\n<p>\u2014 Morto? \u2014 repetiu imediatamente.<\/p>\n<p>\u2014 Assassinado, Amos. Voc\u00ea vem?<\/p>\n<p>Um longo sil\u00eancio. Quais pensamentos, a srta. Minerva indagou, passavam pela cabe\u00e7a daquele puritano inflex\u00edvel agora?<\/p>\n<p>\u2014 Vou \u2014 uma voz estranha disse, enfim. E, ent\u00e3o, uma voz mais parecida com a de Amos, como conhecia: \u2014 A pol\u00edcia! Vou chamar, ent\u00e3o vou para a casa de Dan imediatamente.<\/p>\n<p>A srta. Minerva retornou para o hall e viu que a grande porta da frente estava fechada. Amos entraria por ali, ela sabia, ent\u00e3o foi at\u00e9 l\u00e1 e a abriu. Notou que havia ali um cadeado enorme, mas a chave havia sido perdida h\u00e1 muito tempo. De fato, em toda a bela casa de Dan, ela n\u00e3o conseguia se lembrar de alguma vez ter visto uma chave. Nessas Ilhas inofensivas e amig\u00e1veis, portas trancadas se tornaram obsoletas.<\/p>\n<p>Voltou para a sala de estar. Deveria chamar um m\u00e9dico? Mas, n\u00e3o, era tarde demais, ela sabia muito bem disso. E a pol\u00edcia \u2014 n\u00e3o trariam algum tipo de m\u00e9dico com eles? De repente, ela come\u00e7ou a especular sobre a pol\u00edcia. Durante toda a sua estada em Honolulu, ela nunca havia pensado nisso. Ser\u00e1 que aqui, no fim do mundo, haviam policiais? Ela n\u00e3o conseguia se recordar ter visto algum. Ah, sim \u2014 tinha aquele havaiano lindo de pele morena que ficou de guarda na esquina das ruas Fort e King, orientando o tr\u00e2nsito com ar de que logo revelaria ser o pr\u00edncipe Kamehameha.<a href=\"#_ftn1\" name=\"_ftnref1\">[1]<\/a> Ela escutou o som de uma cadeira sendo arrastada no <em>lanai<\/em> e foi at\u00e9 a porta.<\/p>\n<p>\u2014 Nada pode ser movido aqui \u2014 disse. \u2014 Deixe exatamente como estava. \u00c9 melhor voc\u00eas dois subirem e se vestirem.<\/p>\n<p>Os dois empregados, ainda chocados, entraram para a sala de estar e se colocaram \u00e0 sua disposi\u00e7\u00e3o. Pareciam achar que o terr\u00edvel incidente demandasse algum tipo de coment\u00e1rio, mas o que poderia ser dito? Mesmo no caso de um assassinato, um Winterslip deveria manter certa indiferen\u00e7a polida ao lidar com a criadagem. O sentimento da srta. Minerva por eles era amistoso. Ela tinha empatia por seu luto, mas sentia que n\u00e3o havia nada a ser dito.<\/p>\n<p>\u2014 Depois que se vestirem \u2014 ordenou \u2014, assumam seus postos. Voc\u00eas dois ser\u00e3o solicitados.<\/p>\n<p>Ambos sa\u00edram, Haku em suas vestes rid\u00edculas e Kamaikui, murmurando e lamentando de maneira surpreendente para a srta. Minerva. Deixaram-na sozinha \u2014 com Dan \u2014 e ela que sempre pensou em si mesma como soberana, hesitava para sair para o <em>lanai<\/em>.<\/p>\n<p>Ela sentou-se em uma grande cadeira na sala de estar e olhou fixamente para si na decora\u00e7\u00e3o de riqueza que Dan agora havia deixado para sempre. Pobre Dan. Apesar de todos os rumores contra ele, ela sempre o adorou imensamente. Diz-se para muitos \u2014 geralmente sem raz\u00e3o \u2014 que suas vidas renderiam livros interessantes. Isso foi dito a respeito de Dan, e nesse caso era verdade. Que belo livro daria sua vida \u2014 e certamente seria banido rapidamente das estantes da Biblioteca P\u00fablica de Boston! Dan vivera intensamente, fazia suas pr\u00f3prias leis, enfrentava suas batalhas sem piedade, prosperou e construiu sua jornada. Muitas vezes vagava por caminhos proibidos, diziam, mas seu sorriso era sempre amig\u00e1vel e sua voz cheia de alegria \u2014 sempre, at\u00e9 estas \u00faltimas duas semanas.<\/p>\n<p>Desde aquela noite em que ele enviou a carta a Roger, parecia um homem diferente. Havia rugas em seu rosto pela primeira vez, um olhar exausto e apreensivo nos olhos acinzentados. E ficara furioso, na \u00faltima quarta-feira, quando recebeu um cabograma enviado por Roger. \u201cO que estava escrito na mensagem?\u201d, a srta. Minerva refletia. \u201cO que eram aquelas poucas palavras que o enfureceram tanto e o puseram a caminhar pesadamente pela casa?\u201d.<\/p>\n<p>Ela pensava em Dan como o havia visto pela \u00faltima vez \u2014 um tanto emotivo. Quando chegaram as not\u00edcias de que o <em>Presidente Tyler<\/em> n\u00e3o aportaria at\u00e9 o dia seguinte, e que Barbara\u2026<\/p>\n<p>A srta. Minerva parou. Pela primeira vez, ela pensou em Barbara. Pensava em uma garota alegre e vivaz ainda n\u00e3o tocada pela tristeza \u2014 e em sua chegada pela manh\u00e3. Seus olhos se encheram de l\u00e1grimas, e atrav\u00e9s de sua confus\u00e3o ela enxergou a persiana de bambu que levava ao hall ser puxada para o lado e revelar o rosto branco e magro de Amos.<\/p>\n<p>Amos adentrou com cautela, pois andava no ch\u00e3o em que jurara nunca mais pisar. Parou diante da srta. Minerva.<\/p>\n<p>\u2014 O que aconteceu? \u2014 ele disse. \u2014 O que \u00e9 isso?<\/p>\n<p>Com a cabe\u00e7a, ela indicou o <em>lanai<\/em>, e ele foi at\u00e9 l\u00e1. Depois do que pareceu um longo tempo, ele retornou. Seus ombros se curvaram de maneira triste e seus olhos molhados estavam fixos.<\/p>\n<p>\u2014 Esfaqueado no cora\u00e7\u00e3o \u2014 murmurou. Ficou parado por um momento relembrando a imagem de seu pai na parede. \u2014 O sal\u00e1rio do pecado \u00e9 a morte \u2014 adicionou, como se falasse para o velho Jedediah Winterslip.<\/p>\n<p>\u2014 Sim, Amos \u2014 disse a srta. Minerva, r\u00edspida. \u2014 Eu esperava ouvir isso de voc\u00ea. E tem outra que voc\u00ea deve ter escutado, \u201cn\u00e3o julgues e n\u00e3o ser\u00e1s julgado\u201d. Mais que isso, n\u00e3o vamos perder tempo com moralismos. Dan est\u00e1 morto e, de minha parte, estou triste.<\/p>\n<p>\u2014 Triste! \u2014 repetiu Amos com pesar. \u2014 E eu? Meu irm\u00e3o, meu irm\u00e3o mais novo\u2026 Eu o ensinei a andar exatamente nesta praia\u2026<\/p>\n<p>\u2014 Sim. \u2014 A srta. Minerva lan\u00e7ou um olhar penetrante. \u2014 Eu acho. Bem, Dan se foi. Algu\u00e9m o matou. Ele era um de n\u00f3s: um Winterslip. E o que voc\u00ea vai fazer quanto a isso?<\/p>\n<p>\u2014 Eu avisei a pol\u00edcia \u2014 disse Amos.<\/p>\n<p>\u2014 Por que ainda n\u00e3o est\u00e3o aqui? Em Boston, a essa hora\u2026 mas sei que aqui n\u00e3o \u00e9 Boston. Esfaqueado, voc\u00ea disse. Havia algum sinal da arma?<\/p>\n<p>\u2014 Nenhum que eu tenha visto.<\/p>\n<p>\u2014 E aquela <em>kris <\/em>malaia ali na mesa? Aquela que Dan usava para cortar papel?<\/p>\n<p>\u2014 N\u00e3o notei \u2014 Amos respondeu. \u2014 Esta casa me \u00e9 estranha, Minerva.<\/p>\n<p>\u2014 Para mim tamb\u00e9m. \u2014 A srta. Minerva levantou-se e se dirigiu ao <em>lanai<\/em>. Ela voltou a ser seu antigo e competente eu. Naquele momento, uma batida alta soou na porta telada na frente da casa. Ouviam-se vozes no hall<em>, <\/em>e Haku guiou tr\u00eas homens para a sala de estar. Ainda que evidentemente fossem policiais, todos vestiam roupas comuns. Um deles, um ianque grande e de corpo definido, com o olhar de um mestre dos mares, deu um passo \u00e0 frente.<\/p>\n<p>\u2014 Meu nome \u00e9 Hallet \u2014 disse. \u2014 Capit\u00e3o dos detetives. O senhor \u00e9 o sr. Amos Winterslip?<\/p>\n<p>\u2014 Sou \u2014 Amos respondeu. Ele apresentou a srta. Minerva.<\/p>\n<p>O capit\u00e3o Hallet deu a ela um aceno casual. Aquilo era assunto de homem, e ele n\u00e3o gostava de mulheres envolvidas.<\/p>\n<p>\u2014 Dan Winterslip, o senhor disse. \u2014 Ele anotou, voltando-se novamente para Amos. \u2014 \u00c9 um grande pesar. Onde ele est\u00e1?<\/p>\n<p>Amos indicou o <em>lanai<\/em>.<\/p>\n<p>\u2014 Venha, doutor \u2014 Hallet disse e atravessou a persiana, seguido pelo menor dos outros dois homens.<\/p>\n<p>Ao sa\u00edrem, o terceiro homem avan\u00e7ou pelo c\u00f4modo, e a srta. Minerva deu um pequeno suspiro de perplexidade quando olhou para ele. Naquelas ilhas quentes, homens magros constitu\u00edam o padr\u00e3o, mas aqui havia uma not\u00e1vel exce\u00e7\u00e3o. Era muito gordo, de fato, e mesmo assim andava com a leveza dos passos delicados de uma mulher. Suas bochechas eram fofas como as de um beb\u00ea, sua pele p\u00e1lida como marfim, cabelos negros bem curtos e os olhos obl\u00edquos cor de \u00e2mbar. Ao passar pela srta. Minerva, curvou-se com uma cortesia raramente encontrada no dia a dia, ent\u00e3o seguiu para alcan\u00e7ar Hallet.<\/p>\n<p>\u2014 Amos! \u2014 gritou a srta. Minerva. \u2014 Aquele homem\u2026 por que ele\u2026<\/p>\n<p>\u2014 Charlie Chan \u2014 Amos explicou. \u2014 Estou feliz que tenha vindo. \u00c9 o melhor detetive da reparti\u00e7\u00e3o.<\/p>\n<p>\u2014 Mas\u2026 ele \u00e9 chin\u00eas!<\/p>\n<p><a href=\"#_ftnref1\" name=\"_ftn1\">[1]<\/a> Kamehameha (\u201cO Muito Solit\u00e1rio\u201d ou \u201cAquele que foi separado\u201d) foi pr\u00edncipe infante condenado \u00e0 morte por Alapai, criado secretamente at\u00e9 a idade adulta. Com a morte do rei Kalaniopuu, em 1782, o Hava\u00ed foi dividido entre seu filho, Kiwalao, e seu sobrinho, Kamehameha.<\/p>\n","protected":false},"excerpt":{"rendered":"<p><span style=\"color: #ff0000;\"><strong>Envio imediato!<br \/>\n<\/strong><\/span><\/p>\n<h2>Este livro apresenta pela primeira vez o detetive Charlie Chan, que deu origem a s\u00e9ries de TV, cinema, desenhos animados e hist\u00f3rias em quadrinhos. Chan foi t\u00e3o famoso quanto Sherlock Holmes em sua \u00e9poca.<\/h2>\n<p>O jovem John Quincy Winterslip \u00e9 destacado por sua tradicional fam\u00edlia de Boston a seguir para o Hava\u00ed e trazer de volta sua tia Minerva. Em visita ao seu enigm\u00e1tico primo Dan Winterslip nas paradis\u00edacas ilhas, Minerva simplesmente se esqueceu de voltar ao continente. O feiti\u00e7o tropical tamb\u00e9m seduz John Quincy, que se v\u00ea em d\u00favida sobre sua mon\u00f3tona vida em Boston \u2014 n\u00e3o apenas pela beleza das jovens e dos cen\u00e1rios, mas tamb\u00e9m pelo inesperado assassinato do primo Dan. A tudo isso se soma a presen\u00e7a do interessant\u00edssimo e inigual\u00e1vel detetive de origem chinesa da pol\u00edcia de Honolulu: Charlie Chan.<br \/>\nCada detalhe da cena do crime, cada movimento dos suspeitos parecem levar a pol\u00edcia e a fam\u00edlia para mais longe do assassino. Certamente o crime foi planejado em seus m\u00ednimos detalhes, mas ao mesmo tempo descobrimos que a vida pregressa de Dan Winterslip foi t\u00e3o ousada que inimigos que desejassem sua morte nunca lhe faltaram.<br \/>\nEste \u00e9 o primeiro livro de Earl Derr Biggers a apresentar o posteriormente famos\u00edssimo Charlie Chan. O detetive se espalho pelo mundo e pela m\u00eddia: foi sucesso at\u00e9 mesmo na pr\u00f3pria China, nos anos 1930; e sua figura invadiu as telas do cinema e da TV, tanto em filmes como em desenhos animados.<\/p>\n<p><strong>Capa + jaqueta em couch\u00e9 300g\/m2<\/strong><\/p>\n<p><strong>14 x 21 cm, 336 p\u00e1ginas, papel P\u00f3len<\/strong><\/p>\n<p><strong>Tradu\u00e7\u00e3o de Lab Pub<\/strong><\/p>\n<p><strong>Capa de Fabio Cobiaco<\/strong><\/p>\n","protected":false},"featured_media":5901,"comment_status":"open","ping_status":"closed","template":"","meta":[],"pwb-brand":[],"product_brand":[],"product_cat":[15,162,158],"product_tag":[135,131,132,134,128,129,130,137,136,133],"class_list":{"0":"post-5484","1":"product","2":"type-product","3":"status-publish","4":"has-post-thumbnail","6":"product_cat-livros","7":"product_cat-impresso","8":"product_cat-terra-incognita","9":"product_tag-chines","10":"product_tag-crime","11":"product_tag-detetive","12":"product_tag-etnia","13":"product_tag-havai","14":"product_tag-hawaii","15":"product_tag-honolulu","16":"product_tag-san-francisco","17":"product_tag-sao-francisco","18":"product_tag-tropical","19":"product_shipping_class-impressos","21":"first","22":"instock","23":"purchasable","24":"product-type-simple"},"brands":[],"_links":{"self":[{"href":"https:\/\/mojo.org.br\/loja\/wp-json\/wp\/v2\/product\/5484","targetHints":{"allow":["GET"]}}],"collection":[{"href":"https:\/\/mojo.org.br\/loja\/wp-json\/wp\/v2\/product"}],"about":[{"href":"https:\/\/mojo.org.br\/loja\/wp-json\/wp\/v2\/types\/product"}],"replies":[{"embeddable":true,"href":"https:\/\/mojo.org.br\/loja\/wp-json\/wp\/v2\/comments?post=5484"}],"wp:featuredmedia":[{"embeddable":true,"href":"https:\/\/mojo.org.br\/loja\/wp-json\/wp\/v2\/media\/5901"}],"wp:attachment":[{"href":"https:\/\/mojo.org.br\/loja\/wp-json\/wp\/v2\/media?parent=5484"}],"wp:term":[{"taxonomy":"pwb-brand","embeddable":true,"href":"https:\/\/mojo.org.br\/loja\/wp-json\/wp\/v2\/pwb-brand?post=5484"},{"taxonomy":"product_brand","embeddable":true,"href":"https:\/\/mojo.org.br\/loja\/wp-json\/wp\/v2\/product_brand?post=5484"},{"taxonomy":"product_cat","embeddable":true,"href":"https:\/\/mojo.org.br\/loja\/wp-json\/wp\/v2\/product_cat?post=5484"},{"taxonomy":"product_tag","embeddable":true,"href":"https:\/\/mojo.org.br\/loja\/wp-json\/wp\/v2\/product_tag?post=5484"}],"curies":[{"name":"wp","href":"https:\/\/api.w.org\/{rel}","templated":true}]}}