{"id":6891,"date":"2024-10-04T16:46:49","date_gmt":"2024-10-04T19:46:49","guid":{"rendered":"https:\/\/mojo.org.br\/loja\/?post_type=product&#038;p=6891"},"modified":"2026-03-10T10:48:52","modified_gmt":"2026-03-10T13:48:52","slug":"perdendo-um-dia-de-cada-vez","status":"publish","type":"product","link":"https:\/\/mojo.org.br\/loja\/produtos\/perdendo-um-dia-de-cada-vez\/","title":{"rendered":"Perdendo um dia de cada vez"},"content":{"rendered":"<p>365 p\u00edlulas desmotivacionais da Dra. Ros\u00e2ngela!<\/p>\n<p><span style=\"font-weight: 400;\">Eu sou a Doutora Ros\u00e2ngela e \u00e9 um prazer saber que encontrei um novo canal pra realizar esse trabalho incr\u00edvel que eu j\u00e1 realizo pelo Brasil inteiro, ajudando na sa\u00fade mental da popula\u00e7\u00e3o e ajudando tamb\u00e9m a guardar dinheiro pra pagar gente perigos\u00edssima que eu t\u00f4 devendo.<\/span><\/p>\n<p><span style=\"font-weight: 400;\">Aqui voc\u00ea vai encontrar 365 p\u00edlulas desmotivacionais. Isso mesmo! A cada dia do ano eu vou dar um conselho diferente pra tentar te ajudar, mas sei que n\u00e3o vou conseguir, porque ningu\u00e9m pode te ajudar, s\u00f3 voc\u00ea.\u00a0<\/span><\/p>\n<p><span style=\"font-weight: 400;\">Sai dessa! D\u00e1 uma guinada na sua vida! E conte comigo pra destruir sua autoestima!<\/span><\/p>\n","protected":false},"excerpt":{"rendered":"<p>365 p\u00edlulas desmotivacionais da Dra. Ros\u00e2ngela! Eu sou a Doutora Ros\u00e2ngela e \u00e9 um prazer saber que encontrei um novo canal pra realizar esse trabalho [&#8230;]<\/p>\n","protected":false},"featured_media":13496,"comment_status":"open","ping_status":"closed","template":"","meta":[],"pwb-brand":[],"product_brand":[],"product_cat":[15,165,160,162],"product_tag":[],"class_list":{"0":"post-6891","1":"product","2":"type-product","3":"status-publish","4":"has-post-thumbnail","6":"product_cat-livros","7":"product_cat-mojohumor","8":"product_cat-autores","9":"product_cat-impresso","10":"product_shipping_class-impressos","12":"first","13":"outofstock","14":"featured","15":"purchasable","16":"product-type-simple"},"brands":[],"_links":{"self":[{"href":"https:\/\/mojo.org.br\/loja\/wp-json\/wp\/v2\/product\/6891","targetHints":{"allow":["GET"]}}],"collection":[{"href":"https:\/\/mojo.org.br\/loja\/wp-json\/wp\/v2\/product"}],"about":[{"href":"https:\/\/mojo.org.br\/loja\/wp-json\/wp\/v2\/types\/product"}],"replies":[{"embeddable":true,"href":"https:\/\/mojo.org.br\/loja\/wp-json\/wp\/v2\/comments?post=6891"}],"wp:featuredmedia":[{"embeddable":true,"href":"https:\/\/mojo.org.br\/loja\/wp-json\/wp\/v2\/media\/13496"}],"wp:attachment":[{"href":"https:\/\/mojo.org.br\/loja\/wp-json\/wp\/v2\/media?parent=6891"}],"wp:term":[{"taxonomy":"pwb-brand","embeddable":true,"href":"https:\/\/mojo.org.br\/loja\/wp-json\/wp\/v2\/pwb-brand?post=6891"},{"taxonomy":"product_brand","embeddable":true,"href":"https:\/\/mojo.org.br\/loja\/wp-json\/wp\/v2\/product_brand?post=6891"},{"taxonomy":"product_cat","embeddable":true,"href":"https:\/\/mojo.org.br\/loja\/wp-json\/wp\/v2\/product_cat?post=6891"},{"taxonomy":"product_tag","embeddable":true,"href":"https:\/\/mojo.org.br\/loja\/wp-json\/wp\/v2\/product_tag?post=6891"}],"curies":[{"name":"wp","href":"https:\/\/api.w.org\/{rel}","templated":true}]}}