{"id":90,"date":"2018-07-28T15:11:31","date_gmt":"2018-07-28T18:11:31","guid":{"rendered":"https:\/\/loja.dominioaopublico.org.br\/?post_type=product&#038;p=90"},"modified":"2026-04-11T09:53:29","modified_gmt":"2026-04-11T12:53:29","slug":"peter-pan-wendy","status":"publish","type":"product","link":"https:\/\/mojo.org.br\/loja\/produtos\/peter-pan-wendy\/","title":{"rendered":"Peter Pan &#038; Wendy"},"content":{"rendered":"<h3><strong>Escrito por\u00a0J.M Barrie<\/strong><\/h3>\n<p><span style=\"font-weight: 400;\">Esque\u00e7a tudo o que voc\u00ea j\u00e1 ouvir falar sobre Peter Pan e a Terra do Nunca. Tire Disney e Michael Jackson da cabe\u00e7a e mergulhe de verdade nessa hist\u00f3ria disfar\u00e7ada de conto de fadas para crian\u00e7as. Por baixo de seu manto reluzente, ela guarda reflex\u00f5es profundas sobre a vida adulta e a morte.<\/span><\/p>\n<p><span style=\"font-weight: 400;\">A literatura infantil se divide entre antes e depois do personagem Peter Pan. Ele sintetiza e realiza o sonho que todos n\u00f3s, em algum momento da vida, j\u00e1 acalentamos. Quem n\u00e3o gostaria de ser crian\u00e7a para sempre em um mundo m\u00e1gico onde o tempo \u00e9 s\u00f3 uma lembran\u00e7a e as aventuras e brincadeiras nunca terminam.<\/span><\/p>\n<p><span style=\"font-weight: 400;\">\u201cTodas as crian\u00e7as crescem, menos uma\u201d \u2014 Peter Pan, o garoto m\u00e1gico todos temos dentro de n\u00f3s, vem buscar Wendy e seus irm\u00e3os para a maior aventura de suas vidas. V\u00e3o para a Terra do Nunca, um lugar que existe na imagina\u00e7\u00e3o de toda crian\u00e7a: \u00edndios, piratas, sereias, feras e fadas, tudo \u00e9 divers\u00e3o e perigo ao mesmo tempo. Esta \u00e9 a obra-prima de um autor que n\u00e3o criou um livro, mas um vasto universo que continua a ser explorado.<\/span><\/p>\n<p><span style=\"font-weight: 400;\">256 p\u00e1ginas, 16 x 23 cm<\/span><\/p>\n<p><span style=\"font-weight: 400;\">Tempo de leitura: <strong>4\u00a0horas<\/strong><\/span><\/p>\n<p><span style=\"font-weight: 400;\">T\u00edtulo original: <strong>Peter and Wendy (<\/strong><\/span><b>1911)<\/b><\/p>\n<p><span style=\"font-weight: 400;\">Tradu\u00e7\u00e3o:\u00a0<\/span><b>Gabriel Naldi<\/b><\/p>\n<p><span style=\"font-weight: 400;\">Ilustra\u00e7\u00e3o:\u00a0<\/span><b>Andre Ducci<\/b><\/p>\n<p>A obra de J.M. Barrie, em muitos sentidos, foi um divisor de \u00e1guas, e ele pr\u00f3prio foi uma s\u00edntese de sua \u00e9poca. Viveu na Inglaterra no come\u00e7o do s\u00e9culo 20, p\u00f3s Revolu\u00e7\u00e3o Industrial e pr\u00e9 Primeira Guerra, que parecia pr\u00f3spera, renovada e livre. Livre das doen\u00e7as e crises econ\u00f4micas que a assolavam no passado, e renovada com os avan\u00e7os de tecnologia, ci\u00eancia e medicina. Com isso tudo, a mortalidade infantil j\u00e1 n\u00e3o era algo t\u00e3o corriqueiro como nos s\u00e9culos anteriores, o que causou uma altera\u00e7\u00e3o da percep\u00e7\u00e3o da inf\u00e2ncia e das crian\u00e7as. Isso certamente alavancou o g\u00eanero literatura infantil. Barrie usou os traumas e perdas de sua vida para criar um personagem e universo que influenciariam toda a literatura do g\u00eanero desde ent\u00e3o. Envolto em pol\u00eamicas pessoais, criou para si pr\u00f3prio um mundo onde n\u00e3o precisava enfrentar as responsabilidades e mazelas do mundo adulto. Um lugar onde se \u00e9 eternamente crian\u00e7a, uma terra do nunca crescer.<\/p>\n<p>Peter Pan nasceu como uma pe\u00e7a de teatro de grande sucesso e garantiu a Barrie uma vida relativamente tranquila. Sua inspira\u00e7\u00e3o para essa hist\u00f3ria t\u00e3o comovente foram o casal Llewelyn Davies e seus tr\u00eas filhos, al\u00e9m do pr\u00f3prio irm\u00e3o mais velho do autor, que morreu prematuramente em um acidente de tren\u00f3 e deu a ele a ideia de uma crian\u00e7a que nunca envelheceria.<\/p>\n","protected":false},"excerpt":{"rendered":"<h4><\/h4>\n<h4><strong><em>Capa dura, ilustra\u00e7\u00f5es coloridas, cores especiais, texto integral<\/em><\/strong><\/h4>\n<h5 style=\"color: red;\">Envio imediato<\/h5>\n<p>https:\/\/www.youtube.com\/watch?v=rH8an4N-yzQ<\/p>\n<p>&nbsp;<\/p>\n<p><em>Todo mundo, ao menos uma vez, j\u00e1 sonhou em ser eternamente crian\u00e7a. Na pr\u00e1tica, n\u00e3o \u00e9 t\u00e3o simples assim, quando voc\u00ea tem que conviver com piratas, \u00edndios e feras te perseguindo, e muitas vezes o jantar \u00e9 apenas faz-de-conta. Wendy e seus irm\u00e3os sentem isso na pele, quando Peter Pan os leva para a Terra do Nunca, lar dos Garotos Perdidos, Tinker Bell e Capit\u00e3o Hook. Obra-prima de J.M. Barrie, adaptada pela Disney em 1953, nos apresenta um universo que ainda hoje inspira crian\u00e7as e adultos. Mais um cl\u00e1ssico que agora est\u00e1 livre e gratuito para todos.<\/em><\/p>\n<p>A cole\u00e7\u00e3o Mundos Extraordin\u00e1rios do Instituto Mojo traz os livros indiscutivelmente cl\u00e1ssicos para a sua estante. Nessa cole\u00e7\u00e3o, todos os protagonistas s\u00e3o crian\u00e7as e jovens que descobrem, enfrentam ou simplesmente s\u00e3o abandonados em mundos completamente desconhecidos para eles. Entre os t\u00edtulos est\u00e3o <em>O livro da selva<\/em> (Mowgli), <em>Peter Pan &amp; Wendy, Oz<\/em> (dois livros em um: <em>O magn\u00edfico M\u00e1gico de Oz e a maravilhosa Terra de Oz), As aventuras de Alice<\/em> (dois livros em um:<em> Alice no Pa\u00eds das Maravilhas e Atrav\u00e9s do Espelho), Pinocchio, Ilha do Tesouro, O jardim secreto, Anne of Green Gables, O segundo livro da selva<\/em> e tantos outros. Ao comprar nossos livros impressos, voc\u00ea contribui para que todos tenham acesso gratuito aos livros digitais.<\/p>\n","protected":false},"featured_media":3053,"comment_status":"open","ping_status":"closed","template":"","meta":[],"pwb-brand":[],"product_brand":[],"product_cat":[15,162,159],"product_tag":[35,29,27,28,30,26,31,33,25,24,34,32],"class_list":{"0":"post-90","1":"product","2":"type-product","3":"status-publish","4":"has-post-thumbnail","6":"product_cat-livros","7":"product_cat-impresso","8":"product_cat-mundos-extraordinarios","9":"product_tag-antropologia","10":"product_tag-aventura","11":"product_tag-classicos","12":"product_tag-fada","13":"product_tag-fantasia","14":"product_tag-fantastica","15":"product_tag-historia","16":"product_tag-infancia","17":"product_tag-infantil","18":"product_tag-literatura","19":"product_tag-psicologia","20":"product_tag-sociologia","21":"product_shipping_class-impressos","23":"first","24":"instock","25":"purchasable","26":"product-type-simple"},"brands":[],"_links":{"self":[{"href":"https:\/\/mojo.org.br\/loja\/wp-json\/wp\/v2\/product\/90","targetHints":{"allow":["GET"]}}],"collection":[{"href":"https:\/\/mojo.org.br\/loja\/wp-json\/wp\/v2\/product"}],"about":[{"href":"https:\/\/mojo.org.br\/loja\/wp-json\/wp\/v2\/types\/product"}],"replies":[{"embeddable":true,"href":"https:\/\/mojo.org.br\/loja\/wp-json\/wp\/v2\/comments?post=90"}],"wp:featuredmedia":[{"embeddable":true,"href":"https:\/\/mojo.org.br\/loja\/wp-json\/wp\/v2\/media\/3053"}],"wp:attachment":[{"href":"https:\/\/mojo.org.br\/loja\/wp-json\/wp\/v2\/media?parent=90"}],"wp:term":[{"taxonomy":"pwb-brand","embeddable":true,"href":"https:\/\/mojo.org.br\/loja\/wp-json\/wp\/v2\/pwb-brand?post=90"},{"taxonomy":"product_brand","embeddable":true,"href":"https:\/\/mojo.org.br\/loja\/wp-json\/wp\/v2\/product_brand?post=90"},{"taxonomy":"product_cat","embeddable":true,"href":"https:\/\/mojo.org.br\/loja\/wp-json\/wp\/v2\/product_cat?post=90"},{"taxonomy":"product_tag","embeddable":true,"href":"https:\/\/mojo.org.br\/loja\/wp-json\/wp\/v2\/product_tag?post=90"}],"curies":[{"name":"wp","href":"https:\/\/api.w.org\/{rel}","templated":true}]}}