{"id":91,"date":"2018-07-28T15:16:36","date_gmt":"2018-07-28T18:16:36","guid":{"rendered":"https:\/\/loja.dominioaopublico.org.br\/?post_type=product&#038;p=91"},"modified":"2025-10-03T09:48:50","modified_gmt":"2025-10-03T12:48:50","slug":"oz","status":"publish","type":"product","link":"https:\/\/mojo.org.br\/loja\/produtos\/oz\/","title":{"rendered":"Oz"},"content":{"rendered":"<h3>Escrito por Lyman Frank Baum<\/h3>\n<p>Inspirado pelos grandes criadores de hist\u00f3rias infantis do passado, como Hans Christian Andersen e os irm\u00e3os Jacob e Wilhelm Grimm, L. Frank Baum removeu de sua grande aventura um componente essencial a seus pares europeus: o horror. Contudo, manteve a aventura e o arrebatamento, e isso mudou a hist\u00f3ria da literatura para crian\u00e7as. Tamb\u00e9m a Alice, de Lewis Carroll, foi influ\u00eancia para Baum, que considerava a narrativa da hist\u00f3ria incoerente, mas reconheceu a protagonista infantil como o fator principal da popularidade dos livros, pois era uma personagem com a qual as crian\u00e7as podiam se identificar diretamente.<\/p>\n<p>Talvez um dos maiores m\u00e9ritos deste livro e de suas sequ\u00eancias seja a universalidade da trama. o que faz com ela seja apreciada em todo o mundo at\u00e9 hoje, sem sinais de que sua popularidade esteja em decl\u00ednio. A s\u00e9rie tamb\u00e9m d\u00e1 voz a personagens femininas e a coadjuvantes pouco ortodoxos. A simpatia de Baum por causas feministas (como, por exemplo, o sufragismo) acabam se refletindo em mulheres com muita personalidade ao longo da s\u00e9rie de livros sobre Oz, como Dorothy, Glinda e a Princesa Ozma. No entanto, Baum sempre disse, ao longo da vida, que seus livros foram escritos com o \u00fanico intuito de agradar \u00e0s crian\u00e7as. Esse papel \u00e9 plenamente cumprido, at\u00e9 hoje.<\/p>\n<p>Deste modo, e tamb\u00e9m a partir de refer\u00eancias pessoais de Baum (que at\u00e9 hoje diversos estudiosos tentam rastrear, nem sempre com efeito conclusivo), surgiu a hist\u00f3ria da menina Dorothy e de suas aventuras e desventuras com tr\u00eas inusitados companheiros de viagem, descobrindo maravilhas na distante Terra de Oz. O livro atingiu em cheio os cora\u00e7\u00f5es e mentes de crian\u00e7as do mundo todo. Apesar disso, o livro ficou por d\u00e9cadas \u00e0 margem dos estudos acad\u00eamicos, notadamente por ser uma hist\u00f3ria de fantasia e, tamb\u00e9m, pela cren\u00e7a dos estudiosos de que a s\u00e9rie de livros iniciada por O Magn\u00edfico M\u00e1gico de Oz n\u00e3o possu\u00eda qualquer m\u00e9rito liter\u00e1rio.<\/p>\n<p>300 p\u00e1ginas, 16 x 23 cm<\/p>\n<p>Tempo de leitura: <strong>5\u00a0horas<\/strong><\/p>\n<p>T\u00edtulo original:\u00a0\u00a0<strong><em>The Wonderful Wizard of Oz (1900)\u00a0<\/em>e <em>The Marvelous Land of Oz (<\/em>1904)<\/strong><\/p>\n<p>Tradu\u00e7\u00e3o:\u00a0<strong>Delfin<\/strong><\/p>\n<p>Ilustra\u00e7\u00e3o:\u00a0<strong>Andre Ducci<\/strong><\/p>\n<p>\u201cEu aprendi a ver a fama como um fogo-f\u00e1tuo que, quando \u00e9 capturado, n\u00e3o vale ser possu\u00eddo; mas agradar uma crian\u00e7a \u00e9 uma coisa doce e encantadora, que aquece um cora\u00e7\u00e3o e traz sua pr\u00f3pria recompensa.\u201d<\/p>\n<p>As palavras de <strong>Lyman Frank Baum<\/strong> (1856\u20141919) em uma dedicat\u00f3ria de livro feita para sua irm\u00e3 ilustram como o autor estadunidense tinha como foco o entretenimento infantil. Escreveu cerca de setenta obras durante sua carreira, al\u00e9m de estar envolvido na produ\u00e7\u00e3o e roteiros de pe\u00e7as de teatro (originalmente, Baum era ator), produzindo inclusive farto material sob pseud\u00f4nimos como Edith Van Dyne, Laura Bancroft e Floyd Akers. Por\u00e9m, foi assinando como L. Frank Baum que o autor conseguiu seu maior \u00eaxito, ao escrever O Magn\u00edfico M\u00e1gico de Oz em 1900.<\/p>\n<p>Na virada do s\u00e9culo 20, o tipo de hist\u00f3ria narrado por Baum era incomum, o que era reconhecido pela cr\u00edtica da \u00e9poca. O jornal The New York Times, por exemplo, aponta que o livro se destaca engenhosamente do material dispon\u00edvel \u00e0 \u00e9poca para crian\u00e7as, acrescentando que o livro \u201ccertamente lan\u00e7ar\u00e1 as bases para atrair fortemente os leitores infantis como tamb\u00e9m os ainda mais jovens, para quem ser\u00e1 lido pelas m\u00e3es ou respons\u00e1veis pelo entretenimento das crian\u00e7as\u201d. Esse reconhecimento imediato do apelo infantil do livro fez com que ele fosse traduzido para mais de cinquenta l\u00ednguas, sendo adaptado em alguns pa\u00edses, como a \u00cdndia e a Uni\u00e3o Sovi\u00e9tica.<\/p>\n<p>Segundo a Biblioteca do Congresso dos Estados Unidos, a institui\u00e7\u00e3o cultural mais antiga daquele pa\u00eds, a obra se tornou o maior e o mais amado conto de fadas produzido na na\u00e7\u00e3o. N\u00e3o \u00e9 por acaso que o livro, que teve uma primeira tiragem de dez mil c\u00f3pias, atingiu a marca de tr\u00eas milh\u00f5es de livros vendidos at\u00e9 sua entrada no dom\u00ednio p\u00fablico, em 1956. De l\u00e1 para c\u00e1, a dissemina\u00e7\u00e3o da obra em universos expandidos, criados inicialmente com a ben\u00e7\u00e3o da fam\u00edlia do autor, continua a acontecer, mesmo quase um s\u00e9culo ap\u00f3s a morte de Baum. N\u00e3o por acaso, o autor expandiu sua obra em mais quinze romances, dois publicados postumamente, uma colet\u00e2nea de contos e uma tira de quadrinhos, uma trajet\u00f3ria que se inicia com a publica\u00e7\u00e3o de A Maravilhosa Terra de Oz, em 1904.<\/p>\n","protected":false},"excerpt":{"rendered":"<h4><strong><em>Capa dura, ilustra\u00e7\u00f5es coloridas, cores especiais, texto integral<\/em><\/strong><\/h4>\n<h5 style=\"color: red;\">Envio imediato<\/h5>\n<p>https:\/\/www.youtube.com\/watch?v=2pnPh0bFlhc<\/p>\n<p>&nbsp;<\/p>\n<p><em>Voltar para casa \u00e9 um desejo latente de todos n\u00f3s. Em <strong>O Magn\u00edfico M\u00e1gico de Oz,<\/strong> Dorothy e seus amigos\u00a0\u2014 o Espantalho, o Lenhador de Lata e o Le\u00e3o Covarde \u2014 vagam pela estrada de ladrilhos amarelos em busca do que \u201cacham\u201d que precisam. \u00c9 uma das obras mais importantes do s\u00e9culo 20 e fonte de inspira\u00e7\u00e3o para diversas outras obras, como a adapta\u00e7\u00e3o de 1939 para o cinema e o musical Wicked. O universo de Oz se desdobrou em outras dezenas de livros desconhecidos no Brasil. Por isso, a edi\u00e7\u00e3o do CLLE traz o raro segundo volume da s\u00e9rie: <strong>A Maravilhosa Terra de Oz.<\/strong><\/em><\/p>\n<p>A cole\u00e7\u00e3o Mundos Extraordin\u00e1rios do Instituto Mojo traz os livros indiscutivelmente cl\u00e1ssicos para a sua estante. Nessa cole\u00e7\u00e3o, todos os protagonistas s\u00e3o crian\u00e7as e jovens que descobrem, enfrentam ou simplesmente s\u00e3o abandonados em mundos completamente desconhecidos para eles. Entre os t\u00edtulos est\u00e3o <em>O livro da selva<\/em> (Mowgli), <em>Peter Pan &amp; Wendy, Oz<\/em> (dois livros em um: <em>O magn\u00edfico M\u00e1gico de Oz e a maravilhosa Terra de Oz), As aventuras de Alice<\/em> (dois livros em um:<em> Alice no Pa\u00eds das Maravilhas e Atrav\u00e9s do Espelho), Pinocchio, Ilha do Tesouro, O jardim secreto, Anne of Green Gables, O segundo livro da selva<\/em> e tantos outros. Ao comprar nossos livros impressos, voc\u00ea contribui para que todos tenham acesso gratuito aos livros digitais.<\/p>\n","protected":false},"featured_media":13515,"comment_status":"open","ping_status":"closed","template":"","meta":[],"pwb-brand":[],"product_brand":[],"product_cat":[15,159],"product_tag":[35,29,27,28,30,26,31,33,25,24,34,32],"class_list":{"0":"post-91","1":"product","2":"type-product","3":"status-publish","4":"has-post-thumbnail","6":"product_cat-livros","7":"product_cat-mundos-extraordinarios","8":"product_tag-antropologia","9":"product_tag-aventura","10":"product_tag-classicos","11":"product_tag-fada","12":"product_tag-fantasia","13":"product_tag-fantastica","14":"product_tag-historia","15":"product_tag-infancia","16":"product_tag-infantil","17":"product_tag-literatura","18":"product_tag-psicologia","19":"product_tag-sociologia","20":"product_shipping_class-impressos","22":"first","23":"instock","24":"purchasable","25":"product-type-simple"},"brands":[],"_links":{"self":[{"href":"https:\/\/mojo.org.br\/loja\/wp-json\/wp\/v2\/product\/91","targetHints":{"allow":["GET"]}}],"collection":[{"href":"https:\/\/mojo.org.br\/loja\/wp-json\/wp\/v2\/product"}],"about":[{"href":"https:\/\/mojo.org.br\/loja\/wp-json\/wp\/v2\/types\/product"}],"replies":[{"embeddable":true,"href":"https:\/\/mojo.org.br\/loja\/wp-json\/wp\/v2\/comments?post=91"}],"wp:featuredmedia":[{"embeddable":true,"href":"https:\/\/mojo.org.br\/loja\/wp-json\/wp\/v2\/media\/13515"}],"wp:attachment":[{"href":"https:\/\/mojo.org.br\/loja\/wp-json\/wp\/v2\/media?parent=91"}],"wp:term":[{"taxonomy":"pwb-brand","embeddable":true,"href":"https:\/\/mojo.org.br\/loja\/wp-json\/wp\/v2\/pwb-brand?post=91"},{"taxonomy":"product_brand","embeddable":true,"href":"https:\/\/mojo.org.br\/loja\/wp-json\/wp\/v2\/product_brand?post=91"},{"taxonomy":"product_cat","embeddable":true,"href":"https:\/\/mojo.org.br\/loja\/wp-json\/wp\/v2\/product_cat?post=91"},{"taxonomy":"product_tag","embeddable":true,"href":"https:\/\/mojo.org.br\/loja\/wp-json\/wp\/v2\/product_tag?post=91"}],"curies":[{"name":"wp","href":"https:\/\/api.w.org\/{rel}","templated":true}]}}