{"id":92,"date":"2018-07-28T15:17:41","date_gmt":"2018-07-28T18:17:41","guid":{"rendered":"https:\/\/loja.dominioaopublico.org.br\/?post_type=product&#038;p=92"},"modified":"2025-10-03T09:48:50","modified_gmt":"2025-10-03T12:48:50","slug":"as-aventuras-de-alice","status":"publish","type":"product","link":"https:\/\/mojo.org.br\/loja\/produtos\/as-aventuras-de-alice\/","title":{"rendered":"As Aventuras de Alice"},"content":{"rendered":"<h3>Escrito por\u00a0Lewis Carroll<\/h3>\n<p><em>Alice<\/em> talvez seja a obra mais interpretada por psic\u00f3logos e psiquiatras ao redor do mundo, e sem d\u00favida \u00e9 uma das que mais serviu de inspira\u00e7\u00e3o para tatuagens das gera\u00e7\u00f5es X, Y e Z. Segundo Martin Gardner, um dos maiores estudiosos sobre Lewis Carroll, \u201cComo Homero, a B\u00edblia e todas as outras grandes obras de fantasia, os livros de <em>Alice <\/em>se prestam facilmente a qualquer tipo de interpreta\u00e7\u00e3o simb\u00f3lica \u2014 pol\u00edtica, metaf\u00edsica ou freudiana\u201d. Essa \u00e9 uma das mais divertidas descobertas quando lemos este livro: o leitor classifica por conta pr\u00f3pria as impress\u00f5es e simbologias que enxerga nos mundos criado por Carroll, cada um de n\u00f3s tem seu pr\u00f3prio pa\u00eds das maravilhas.<\/p>\n<p>Carroll, era matem\u00e1tico e n\u00e3o pensava em ser escritor, criou o livro despretensiosamente, ao inventar uma hist\u00f3ria para tr\u00eas crian\u00e7as durante uma viagem. Apesar de envoltos em pol\u00eamicas \u2014 obra e criador \u2014 conquistaram f\u00e3s de peso como Oscar Wilde e a pr\u00f3pria rainha Vit\u00f3ria.<\/p>\n<p>Dentre as muitas curiosidades do livro, est\u00e1 o fato de que Carroll escondeu v\u00e1rios problemas de matem\u00e1tica e l\u00f3gica no texto. A maioria \u00e9 praticamente impercept\u00edvel para o leitor comum, principalmente por terem sido escritos usando trocadilhos do ingl\u00eas vitoriano. Quando Alice encontra o Grifo, por exemplo, ele lhe diz quantas horas estudava por dia: &#8220;Dez horas no primeiro dia, nove no seguinte, e assim por diante&#8221;. Alice responde: \u201cNesse caso, no d\u00e9cimo-primeiro dia era feriado?&#8221;<\/p>\n<p>280 p\u00e1ginas, 16 x 23 cm<\/p>\n<p>Tempo de leitura: <strong>5\u00a0horas<\/strong><\/p>\n<p>T\u00edtulo original:\u00a0\u00a0<strong><em>Alice\u00b4s Adventures in Wonderland <\/em>e <em>Through the Looking Glass<\/em><\/strong><\/p>\n<p>Tradu\u00e7\u00e3o:\u00a0<strong>Andr\u00e9 Cristi &amp; Ricardo Giassetti<\/strong><\/p>\n<p>Ilustra\u00e7\u00e3o:\u00a0<strong>Andre Ducci<\/strong><\/p>\n<p><strong>Lewis Carroll,<\/strong> pseud\u00f4nimo de Charles Lutwige Dogson, foi matem\u00e1tico, poeta, fil\u00f3sofo, inventor e fot\u00f3grafo, em uma \u00e9poca em que a fotografia ainda era uma novidade. Gago desde a inf\u00e2ncia \u2014 problema que ele chamava de \u201chesita\u00e7\u00e3o\u201d \u2014 e por toda a vida adulta, alguns de seus bi\u00f3grafos dizem que s\u00f3 conseguia falar normalmente com crian\u00e7as \u2014 meninas apenas, pois odiava meninos. Adulto, tinha fortes enxaquecas, que os m\u00e9dicos da \u00e9poca diagnosticaram como epilepsia.<\/p>\n<p>Sua obra mais famosa foi inspirada em uma menina real, chamada Alice Lidell, filha de um amigo e colega, professor de Harvard. Em um passeio, contou a ela uma hist\u00f3ria improvisada sobre uma menina que vivia uma aventura embaixo da terra. Muito se comentou sobre a menina Alice ser um amor plat\u00f4nico de Carroll, que nunca se casou. De qualquer maneira, nunca houve qualquer ind\u00edcio que tais boatos fossem verdadeiros.<\/p>\n<p>T\u00edpico homem vitoriano, era fascinado pela nobreza e propenso ao esnobismo. Reprovava a indec\u00eancia em todas as suas formas, no dia-a-dia e nas artes. Talvez como fuga \u00e0 pr\u00f3pria rigidez, tenha criado um mundo t\u00e3o fant\u00e1stico, que alguns acad\u00eamicos tamb\u00e9m classificam como a vis\u00e3o infantil do mundo adulto \u2014 afinal, os personagens s\u00f3 dizem coisas confusas e parecem todos loucos. Como disse Martin Gardner: \u201cO \u00faltimo n\u00edvel metaf\u00f3rico nos livros de Alice \u00e9 este: que a vida, vista racionalmente e sem ilus\u00e3o, parece ser uma hist\u00f3ria disparatada contada por um matem\u00e1tico idiota\u201d.<\/p>\n","protected":false},"excerpt":{"rendered":"<h4><strong><em>Capa dura, ilustra\u00e7\u00f5es coloridas, cores especiais, texto integral<\/em><\/strong><\/h4>\n<h5 style=\"color: red;\">ESGOTADO.<\/h5>\n<p>https:\/\/www.youtube.com\/watch?v=-i3fG0vZZyQ<\/p>\n<p>&nbsp;<\/p>\n<p><em>Antes de Alice, os livros infantis eram meras li\u00e7\u00f5es de moral. Lewis Carroll muda isso ao criar uma obra que incita a imagina\u00e7\u00e3o e provoca o pensamento cr\u00edtico, ao reverter o papel de crian\u00e7as e adultos. Alice viaja para um mundo onde os animais falam e objetos ganham vida, mas \u00e9 tudo confuso e il\u00f3gico, e ela tem de ser a voz da raz\u00e3o. Publicado pela primeira vez em 1865, adaptado pela Disney para o cinema em 1951. Mais um cl\u00e1ssico que o Instituto Mojo libera gratuitamente.\u00a0<\/em><\/p>\n<p>A cole\u00e7\u00e3o Mundos Extraordin\u00e1rios do Instituto Mojo traz os livros indiscutivelmente cl\u00e1ssicos para a sua estante. Nessa cole\u00e7\u00e3o, todos os protagonistas s\u00e3o crian\u00e7as e jovens que descobrem, enfrentam ou simplesmente s\u00e3o abandonados em mundos completamente desconhecidos para eles. Entre os t\u00edtulos est\u00e3o <em>O livro da selva<\/em> (Mowgli), <em>Peter Pan &amp; Wendy, Oz<\/em> (dois livros em um: <em>O magn\u00edfico M\u00e1gico de Oz e a maravilhosa Terra de Oz), As aventuras de Alice<\/em> (dois livros em um:<em> Alice no Pa\u00eds das Maravilhas e Atrav\u00e9s do Espelho), Pinocchio, Ilha do Tesouro, O jardim secreto, Anne of Green Gables, O segundo livro da selva<\/em> e tantos outros. Ao comprar nossos livros impressos, voc\u00ea contribui para que todos tenham acesso gratuito aos livros digitais.<\/p>\n<p><strong><em>Este livro est\u00e1 dispon\u00edvel apenas por encomenda.<br \/>\nPrevis\u00e3o para in\u00edcio dos envios: 30\/08\/2021.<\/em><\/strong><\/p>\n","protected":false},"featured_media":13509,"comment_status":"open","ping_status":"closed","template":"","meta":[],"pwb-brand":[],"product_brand":[],"product_cat":[15,157,162,159],"product_tag":[35,29,27,28,30,26,31,33,25,24,34,32],"class_list":{"0":"post-92","1":"product","2":"type-product","3":"status-publish","4":"has-post-thumbnail","6":"product_cat-livros","7":"product_cat-colecoes","8":"product_cat-impresso","9":"product_cat-mundos-extraordinarios","10":"product_tag-antropologia","11":"product_tag-aventura","12":"product_tag-classicos","13":"product_tag-fada","14":"product_tag-fantasia","15":"product_tag-fantastica","16":"product_tag-historia","17":"product_tag-infancia","18":"product_tag-infantil","19":"product_tag-literatura","20":"product_tag-psicologia","21":"product_tag-sociologia","22":"product_shipping_class-impressos","24":"first","25":"outofstock","26":"shipping-taxable","27":"purchasable","28":"product-type-simple"},"brands":[],"_links":{"self":[{"href":"https:\/\/mojo.org.br\/loja\/wp-json\/wp\/v2\/product\/92","targetHints":{"allow":["GET"]}}],"collection":[{"href":"https:\/\/mojo.org.br\/loja\/wp-json\/wp\/v2\/product"}],"about":[{"href":"https:\/\/mojo.org.br\/loja\/wp-json\/wp\/v2\/types\/product"}],"replies":[{"embeddable":true,"href":"https:\/\/mojo.org.br\/loja\/wp-json\/wp\/v2\/comments?post=92"}],"wp:featuredmedia":[{"embeddable":true,"href":"https:\/\/mojo.org.br\/loja\/wp-json\/wp\/v2\/media\/13509"}],"wp:attachment":[{"href":"https:\/\/mojo.org.br\/loja\/wp-json\/wp\/v2\/media?parent=92"}],"wp:term":[{"taxonomy":"pwb-brand","embeddable":true,"href":"https:\/\/mojo.org.br\/loja\/wp-json\/wp\/v2\/pwb-brand?post=92"},{"taxonomy":"product_brand","embeddable":true,"href":"https:\/\/mojo.org.br\/loja\/wp-json\/wp\/v2\/product_brand?post=92"},{"taxonomy":"product_cat","embeddable":true,"href":"https:\/\/mojo.org.br\/loja\/wp-json\/wp\/v2\/product_cat?post=92"},{"taxonomy":"product_tag","embeddable":true,"href":"https:\/\/mojo.org.br\/loja\/wp-json\/wp\/v2\/product_tag?post=92"}],"curies":[{"name":"wp","href":"https:\/\/api.w.org\/{rel}","templated":true}]}}